{"id":710,"date":"2021-06-29T19:53:33","date_gmt":"2021-06-29T17:53:33","guid":{"rendered":"http:\/\/priorconsulting.pl\/?page_id=710"},"modified":"2022-10-25T11:46:59","modified_gmt":"2022-10-25T09:46:59","slug":"oferta","status":"publish","type":"page","link":"https:\/\/priorconsulting.pl\/index.php\/oferta\/","title":{"rendered":"Oferta"},"content":{"rendered":"\t\t<div data-elementor-type=\"wp-page\" data-elementor-id=\"710\" class=\"elementor elementor-710\" data-elementor-post-type=\"page\">\n\t\t\t\t\t\t<section class=\"elementor-section elementor-top-section elementor-element elementor-element-2053d62 elementor-section-boxed elementor-section-height-default elementor-section-height-default\" data-id=\"2053d62\" data-element_type=\"section\" data-settings=\"{&quot;background_background&quot;:&quot;classic&quot;}\">\n\t\t\t\t\t\t<div class=\"elementor-container elementor-column-gap-default\">\n\t\t\t\t\t<div class=\"elementor-column elementor-col-100 elementor-top-column elementor-element elementor-element-75e3c6f\" data-id=\"75e3c6f\" data-element_type=\"column\">\n\t\t\t<div class=\"elementor-widget-wrap elementor-element-populated\">\n\t\t\t\t\t\t<section class=\"elementor-section elementor-inner-section elementor-element elementor-element-a90cdfe elementor-section-boxed elementor-section-height-default elementor-section-height-default\" data-id=\"a90cdfe\" data-element_type=\"section\">\n\t\t\t\t\t\t<div class=\"elementor-container elementor-column-gap-default\">\n\t\t\t\t\t<div class=\"elementor-column elementor-col-50 elementor-inner-column elementor-element elementor-element-ede65c6\" data-id=\"ede65c6\" data-element_type=\"column\">\n\t\t\t<div class=\"elementor-widget-wrap elementor-element-populated\">\n\t\t\t\t\t\t<div class=\"elementor-element elementor-element-ff26277 elementor-flip-box--effect-push elementor-flip-box--direction-up elementor-widget elementor-widget-flip-box\" data-id=\"ff26277\" data-element_type=\"widget\" data-widget_type=\"flip-box.default\">\n\t\t\t\t<div class=\"elementor-widget-container\">\n\t\t\t\t\t\t\t<div class=\"elementor-flip-box\" tabindex=\"0\">\n\t\t\t<div class=\"elementor-flip-box__layer elementor-flip-box__front\">\n\t\t\t\t<div class=\"elementor-flip-box__layer__overlay\">\n\t\t\t\t\t<div class=\"elementor-flip-box__layer__inner\">\n\t\t\t\t\t\t\n\t\t\t\t\t\t\t\t\t\t\t\t\t<h3 class=\"elementor-flip-box__layer__title\">\n\t\t\t\t\t\t\t\tDotacje\t\t\t\t\t\t\t<\/h3>\n\t\t\t\t\t\t\n\t\t\t\t\t\t\t\t\t\t\t<\/div>\n\t\t\t\t<\/div>\n\t\t\t<\/div>\n\t\t\t<div class=\"elementor-flip-box__layer elementor-flip-box__back\">\n\t\t\t<div class=\"elementor-flip-box__layer__overlay\">\n\t\t\t\t<div class=\"elementor-flip-box__layer__inner\">\n\t\t\t\t\t\t\t\t\t\t\t<h3 class=\"elementor-flip-box__layer__title\">\n\t\t\t\t\t\t\tDotacje\t\t\t\t\t\t<\/h3>\n\t\t\t\t\t\n\t\t\t\t\t\t\t\t\t\t\t<div class=\"elementor-flip-box__layer__description\">\n\t\t\t\t\t\t\t <ul>\n    <li>POZYSKIWANIE FUNDUSZY UNIJNYCH<\/li>\n    <li>ROZLICZENIE PROJEKTU<\/li>\n    <li>AUDYT PROJEKTU<\/li>\n  <\/ul>\t\t\t\t\t\t<\/div>\n\t\t\t\t\t\n\t\t\t\t\t\t\t\t\t\t\t<a class=\"elementor-flip-box__button elementor-button elementor-size-sm\" href=\"https:\/\/priorconsulting.pl\/index.php\/dotacje-unijne\/\">\n\t\t\t\t\t\t\tZobacz\t\t\t\t\t\t<\/a>\n\t\t\t\t\t\t\t\t<\/div>\n\t\t<\/div>\n\t\t<\/div>\n\t\t<\/div>\n\t\t\t\t\t\t<\/div>\n\t\t\t\t<\/div>\n\t\t\t\t\t<\/div>\n\t\t<\/div>\n\t\t\t\t<div class=\"elementor-column elementor-col-50 elementor-inner-column elementor-element elementor-element-c418c9a\" data-id=\"c418c9a\" data-element_type=\"column\">\n\t\t\t<div class=\"elementor-widget-wrap elementor-element-populated\">\n\t\t\t\t\t\t<div class=\"elementor-element elementor-element-3f9d4a0 elementor-flip-box--effect-push elementor-flip-box--direction-up elementor-widget elementor-widget-flip-box\" data-id=\"3f9d4a0\" data-element_type=\"widget\" data-widget_type=\"flip-box.default\">\n\t\t\t\t<div class=\"elementor-widget-container\">\n\t\t\t\t\t\t\t<div class=\"elementor-flip-box\" tabindex=\"0\">\n\t\t\t<div class=\"elementor-flip-box__layer elementor-flip-box__front\">\n\t\t\t\t<div class=\"elementor-flip-box__layer__overlay\">\n\t\t\t\t\t<div class=\"elementor-flip-box__layer__inner\">\n\t\t\t\t\t\t\n\t\t\t\t\t\t\t\t\t\t\t\t\t<h3 class=\"elementor-flip-box__layer__title\">\n\t\t\t\t\t\t\t\tAnalizy\t\t\t\t\t\t\t<\/h3>\n\t\t\t\t\t\t\n\t\t\t\t\t\t\t\t\t\t\t<\/div>\n\t\t\t\t<\/div>\n\t\t\t<\/div>\n\t\t\t<div class=\"elementor-flip-box__layer elementor-flip-box__back\">\n\t\t\t<div class=\"elementor-flip-box__layer__overlay\">\n\t\t\t\t<div class=\"elementor-flip-box__layer__inner\">\n\t\t\t\t\t\t\t\t\t\t\t<h3 class=\"elementor-flip-box__layer__title\">\n\t\t\t\t\t\t\tanalizy finansowe\t\t\t\t\t\t<\/h3>\n\t\t\t\t\t\n\t\t\t\t\t\t\t\t\t\t\t<div class=\"elementor-flip-box__layer__description\">\n\t\t\t\t\t\t\t <ul>\n    <li>BIZNES PLANU<\/li>\n    <li>DOTACJi<\/li>\n    <li>INWESTYCJi<\/li>\n<li>INNE<\/li>\n  <\/ul>\t\t\t\t\t\t<\/div>\n\t\t\t\t\t\n\t\t\t\t\t\t\t\t\t\t\t<a class=\"elementor-flip-box__button elementor-button elementor-size-sm\" href=\"https:\/\/priorconsulting.pl\/index.php\/analizy-finansowe\/\">\n\t\t\t\t\t\t\tZobacz\t\t\t\t\t\t<\/a>\n\t\t\t\t\t\t\t\t<\/div>\n\t\t<\/div>\n\t\t<\/div>\n\t\t<\/div>\n\t\t\t\t\t\t<\/div>\n\t\t\t\t<\/div>\n\t\t\t\t\t<\/div>\n\t\t<\/div>\n\t\t\t\t\t<\/div>\n\t\t<\/section>\n\t\t\t\t<section class=\"elementor-section elementor-inner-section elementor-element elementor-element-1f47cfc elementor-section-boxed elementor-section-height-default elementor-section-height-default\" data-id=\"1f47cfc\" data-element_type=\"section\">\n\t\t\t\t\t\t<div class=\"elementor-container elementor-column-gap-default\">\n\t\t\t\t\t<div class=\"elementor-column elementor-col-50 elementor-inner-column elementor-element elementor-element-2cd54e1\" data-id=\"2cd54e1\" data-element_type=\"column\">\n\t\t\t<div class=\"elementor-widget-wrap elementor-element-populated\">\n\t\t\t\t\t\t<div class=\"elementor-element elementor-element-aea51f3 elementor-flip-box--effect-push elementor-flip-box--direction-up elementor-widget elementor-widget-flip-box\" data-id=\"aea51f3\" data-element_type=\"widget\" data-widget_type=\"flip-box.default\">\n\t\t\t\t<div class=\"elementor-widget-container\">\n\t\t\t\t\t\t\t<div class=\"elementor-flip-box\" tabindex=\"0\">\n\t\t\t<div class=\"elementor-flip-box__layer elementor-flip-box__front\">\n\t\t\t\t<div class=\"elementor-flip-box__layer__overlay\">\n\t\t\t\t\t<div class=\"elementor-flip-box__layer__inner\">\n\t\t\t\t\t\t\n\t\t\t\t\t\t\t\t\t\t\t\t\t<h3 class=\"elementor-flip-box__layer__title\">\n\t\t\t\t\t\t\t\tBiznes plany\t\t\t\t\t\t\t<\/h3>\n\t\t\t\t\t\t\n\t\t\t\t\t\t\t\t\t\t\t<\/div>\n\t\t\t\t<\/div>\n\t\t\t<\/div>\n\t\t\t<div class=\"elementor-flip-box__layer elementor-flip-box__back\">\n\t\t\t<div class=\"elementor-flip-box__layer__overlay\">\n\t\t\t\t<div class=\"elementor-flip-box__layer__inner\">\n\t\t\t\t\t\t\t\t\t\t\t<h3 class=\"elementor-flip-box__layer__title\">\n\t\t\t\t\t\t\tbiznes plany\t\t\t\t\t\t<\/h3>\n\t\t\t\t\t\n\t\t\t\t\t\t\t\t\t\t\t<div class=\"elementor-flip-box__layer__description\">\n\t\t\t\t\t\t\t <ul>\n    <li>KREDYTY INWESTYCYJNE<\/li>\n    <li>INWESTOR ZEWN\u0118TRZNY<\/li>\n    <li>DOTACJA UNIJNA<\/li>\n <li>DOTACJA Z URZ\u0118DU PRACY<\/li>\n  <\/ul>\t\t\t\t\t\t<\/div>\n\t\t\t\t\t\n\t\t\t\t\t\t\t\t\t\t\t<a class=\"elementor-flip-box__button elementor-button elementor-size-sm\" href=\"https:\/\/priorconsulting.pl\/index.php\/biznes-plany\/\">\n\t\t\t\t\t\t\tZobacz\t\t\t\t\t\t<\/a>\n\t\t\t\t\t\t\t\t<\/div>\n\t\t<\/div>\n\t\t<\/div>\n\t\t<\/div>\n\t\t\t\t\t\t<\/div>\n\t\t\t\t<\/div>\n\t\t\t\t\t<\/div>\n\t\t<\/div>\n\t\t\t\t<div class=\"elementor-column elementor-col-50 elementor-inner-column elementor-element elementor-element-1ee7e33\" data-id=\"1ee7e33\" data-element_type=\"column\">\n\t\t\t<div class=\"elementor-widget-wrap elementor-element-populated\">\n\t\t\t\t\t\t<div class=\"elementor-element elementor-element-34dc650 elementor-flip-box--effect-push elementor-flip-box--direction-up elementor-widget elementor-widget-flip-box\" data-id=\"34dc650\" data-element_type=\"widget\" data-widget_type=\"flip-box.default\">\n\t\t\t\t<div class=\"elementor-widget-container\">\n\t\t\t\t\t\t\t<div class=\"elementor-flip-box\" tabindex=\"0\">\n\t\t\t<div class=\"elementor-flip-box__layer elementor-flip-box__front\">\n\t\t\t\t<div class=\"elementor-flip-box__layer__overlay\">\n\t\t\t\t\t<div class=\"elementor-flip-box__layer__inner\">\n\t\t\t\t\t\t\n\t\t\t\t\t\t\t\t\t\t\t\t\t<h3 class=\"elementor-flip-box__layer__title\">\n\t\t\t\t\t\t\t\tstrategie\t\t\t\t\t\t\t<\/h3>\n\t\t\t\t\t\t\n\t\t\t\t\t\t\t\t\t\t\t<\/div>\n\t\t\t\t<\/div>\n\t\t\t<\/div>\n\t\t\t<div class=\"elementor-flip-box__layer elementor-flip-box__back\">\n\t\t\t<div class=\"elementor-flip-box__layer__overlay\">\n\t\t\t\t<div class=\"elementor-flip-box__layer__inner\">\n\t\t\t\t\t\t\t\t\t\t\t<h3 class=\"elementor-flip-box__layer__title\">\n\t\t\t\t\t\t\tSTRATEGIE BIZNESOWE\t\t\t\t\t\t<\/h3>\n\t\t\t\t\t\n\t\t\t\t\t\t\t\t\t\t\t<div class=\"elementor-flip-box__layer__description\">\n\t\t\t\t\t\t\t <ul>\n    <li>ROZW\u00d3J EKSPORTU<\/li>\n    <li>MAPY DROGOWE DLA FIRM - PRZEMYS\u0141 4.0<\/li>\n<li>MODELE BIZNESOWE<\/li>\n  <\/ul>\t\t\t\t\t\t<\/div>\n\t\t\t\t\t\n\t\t\t\t\t\t\t\t\t\t\t<a class=\"elementor-flip-box__button elementor-button elementor-size-sm\" href=\"https:\/\/priorconsulting.pl\/index.php\/strategie\/\">\n\t\t\t\t\t\t\tZobacz\t\t\t\t\t\t<\/a>\n\t\t\t\t\t\t\t\t<\/div>\n\t\t<\/div>\n\t\t<\/div>\n\t\t<\/div>\n\t\t\t\t\t\t<\/div>\n\t\t\t\t<\/div>\n\t\t\t\t\t<\/div>\n\t\t<\/div>\n\t\t\t\t\t<\/div>\n\t\t<\/section>\n\t\t\t\t\t<\/div>\n\t\t<\/div>\n\t\t\t\t\t<\/div>\n\t\t<\/section>\n\t\t\t\t<\/div>\n\t\t","protected":false},"excerpt":{"rendered":"<p>Dotacje Dotacje POZYSKIWANIE FUNDUSZY UNIJNYCH ROZLICZENIE PROJEKTU AUDYT PROJEKTU Zobacz Analizy analizy finansowe BIZNES PLANU DOTACJi INWESTYCJi INNE Zobacz Biznes plany biznes plany KREDYTY INWESTYCYJNE INWESTOR ZEWN\u0118TRZNY DOTACJA UNIJNA DOTACJA Z URZ\u0118DU PRACY Zobacz strategie STRATEGIE BIZNESOWE ROZW\u00d3J EKSPORTU MAPY DROGOWE DLA FIRM &#8211; PRZEMYS\u0141 4.0 MODELE BIZNESOWE Zobacz<\/p>\n","protected":false},"author":1,"featured_media":0,"parent":0,"menu_order":0,"comment_status":"closed","ping_status":"closed","template":"","meta":{"inline_featured_image":false,"footnotes":""},"class_list":["post-710","page","type-page","status-publish","hentry"],"yoast_head":"<!-- This site is optimized with the Yoast SEO plugin v25.9 - https:\/\/yoast.com\/wordpress\/plugins\/seo\/ -->\n<title>Oferta - priorconsulting<\/title>\n<meta name=\"robots\" content=\"index, follow, max-snippet:-1, max-image-preview:large, max-video-preview:-1\" \/>\n<link rel=\"canonical\" href=\"https:\/\/priorconsulting.pl\/index.php\/oferta\/\" \/>\n<meta property=\"og:locale\" content=\"pl_PL\" \/>\n<meta property=\"og:type\" content=\"article\" \/>\n<meta property=\"og:title\" content=\"Oferta - priorconsulting\" \/>\n<meta property=\"og:description\" content=\"Dotacje Dotacje POZYSKIWANIE FUNDUSZY UNIJNYCH ROZLICZENIE PROJEKTU AUDYT PROJEKTU Zobacz Analizy analizy finansowe BIZNES PLANU DOTACJi INWESTYCJi INNE Zobacz Biznes plany biznes plany KREDYTY INWESTYCYJNE INWESTOR ZEWN\u0118TRZNY DOTACJA UNIJNA DOTACJA Z URZ\u0118DU PRACY Zobacz strategie STRATEGIE BIZNESOWE ROZW\u00d3J EKSPORTU MAPY DROGOWE DLA FIRM &#8211; PRZEMYS\u0141 4.0 MODELE BIZNESOWE Zobacz\" \/>\n<meta property=\"og:url\" content=\"https:\/\/priorconsulting.pl\/index.php\/oferta\/\" \/>\n<meta property=\"og:site_name\" content=\"priorconsulting\" \/>\n<meta property=\"article:publisher\" content=\"https:\/\/www.facebook.com\/profile.php?id=100070094380174\" \/>\n<meta property=\"article:modified_time\" content=\"2022-10-25T09:46:59+00:00\" \/>\n<meta property=\"og:image\" content=\"https:\/\/priorconsulting.pl\/wp-content\/uploads\/2021\/07\/prior_logo_kolor_pion.png\" \/>\n\t<meta property=\"og:image:width\" content=\"1160\" \/>\n\t<meta property=\"og:image:height\" content=\"548\" \/>\n\t<meta property=\"og:image:type\" content=\"image\/png\" \/>\n<meta name=\"twitter:card\" content=\"summary_large_image\" \/>\n<meta name=\"twitter:label1\" content=\"Szacowany czas czytania\" \/>\n\t<meta name=\"twitter:data1\" content=\"1 minuta\" \/>\n<script type=\"application\/ld+json\" class=\"yoast-schema-graph\">{\"@context\":\"https:\/\/schema.org\",\"@graph\":[{\"@type\":\"WebPage\",\"@id\":\"https:\/\/priorconsulting.pl\/index.php\/oferta\/\",\"url\":\"https:\/\/priorconsulting.pl\/index.php\/oferta\/\",\"name\":\"Oferta - priorconsulting\",\"isPartOf\":{\"@id\":\"https:\/\/priorconsulting.pl\/#website\"},\"datePublished\":\"2021-06-29T17:53:33+00:00\",\"dateModified\":\"2022-10-25T09:46:59+00:00\",\"breadcrumb\":{\"@id\":\"https:\/\/priorconsulting.pl\/index.php\/oferta\/#breadcrumb\"},\"inLanguage\":\"pl-PL\",\"potentialAction\":[{\"@type\":\"ReadAction\",\"target\":[\"https:\/\/priorconsulting.pl\/index.php\/oferta\/\"]}]},{\"@type\":\"BreadcrumbList\",\"@id\":\"https:\/\/priorconsulting.pl\/index.php\/oferta\/#breadcrumb\",\"itemListElement\":[{\"@type\":\"ListItem\",\"position\":1,\"name\":\"Strona g\u0142\u00f3wna\",\"item\":\"https:\/\/priorconsulting.pl\/\"},{\"@type\":\"ListItem\",\"position\":2,\"name\":\"Oferta\"}]},{\"@type\":\"WebSite\",\"@id\":\"https:\/\/priorconsulting.pl\/#website\",\"url\":\"https:\/\/priorconsulting.pl\/\",\"name\":\"priorconsulting\",\"description\":\"Dotacje, strategie, analizy\",\"publisher\":{\"@id\":\"https:\/\/priorconsulting.pl\/#organization\"},\"alternateName\":\"PriorConsulting dotacje, fundusze unijne Koszalin\",\"potentialAction\":[{\"@type\":\"SearchAction\",\"target\":{\"@type\":\"EntryPoint\",\"urlTemplate\":\"https:\/\/priorconsulting.pl\/?s={search_term_string}\"},\"query-input\":{\"@type\":\"PropertyValueSpecification\",\"valueRequired\":true,\"valueName\":\"search_term_string\"}}],\"inLanguage\":\"pl-PL\"},{\"@type\":\"Organization\",\"@id\":\"https:\/\/priorconsulting.pl\/#organization\",\"name\":\"priorconsulting\",\"url\":\"https:\/\/priorconsulting.pl\/\",\"logo\":{\"@type\":\"ImageObject\",\"inLanguage\":\"pl-PL\",\"@id\":\"https:\/\/priorconsulting.pl\/#\/schema\/logo\/image\/\",\"url\":\"https:\/\/priorconsulting.pl\/wp-content\/uploads\/2021\/05\/logo-proba-2.png\",\"contentUrl\":\"https:\/\/priorconsulting.pl\/wp-content\/uploads\/2021\/05\/logo-proba-2.png\",\"width\":445,\"height\":195,\"caption\":\"priorconsulting\"},\"image\":{\"@id\":\"https:\/\/priorconsulting.pl\/#\/schema\/logo\/image\/\"},\"sameAs\":[\"https:\/\/www.facebook.com\/profile.php?id=100070094380174\"]}]}<\/script>\n<!-- \/ Yoast SEO plugin. -->","yoast_head_json":{"title":"Oferta - priorconsulting","robots":{"index":"index","follow":"follow","max-snippet":"max-snippet:-1","max-image-preview":"max-image-preview:large","max-video-preview":"max-video-preview:-1"},"canonical":"https:\/\/priorconsulting.pl\/index.php\/oferta\/","og_locale":"pl_PL","og_type":"article","og_title":"Oferta - priorconsulting","og_description":"Dotacje Dotacje POZYSKIWANIE FUNDUSZY UNIJNYCH ROZLICZENIE PROJEKTU AUDYT PROJEKTU Zobacz Analizy analizy finansowe BIZNES PLANU DOTACJi INWESTYCJi INNE Zobacz Biznes plany biznes plany KREDYTY INWESTYCYJNE INWESTOR ZEWN\u0118TRZNY DOTACJA UNIJNA DOTACJA Z URZ\u0118DU PRACY Zobacz strategie STRATEGIE BIZNESOWE ROZW\u00d3J EKSPORTU MAPY DROGOWE DLA FIRM &#8211; PRZEMYS\u0141 4.0 MODELE BIZNESOWE Zobacz","og_url":"https:\/\/priorconsulting.pl\/index.php\/oferta\/","og_site_name":"priorconsulting","article_publisher":"https:\/\/www.facebook.com\/profile.php?id=100070094380174","article_modified_time":"2022-10-25T09:46:59+00:00","og_image":[{"width":1160,"height":548,"url":"https:\/\/priorconsulting.pl\/wp-content\/uploads\/2021\/07\/prior_logo_kolor_pion.png","type":"image\/png"}],"twitter_card":"summary_large_image","twitter_misc":{"Szacowany czas czytania":"1 minuta"},"schema":{"@context":"https:\/\/schema.org","@graph":[{"@type":"WebPage","@id":"https:\/\/priorconsulting.pl\/index.php\/oferta\/","url":"https:\/\/priorconsulting.pl\/index.php\/oferta\/","name":"Oferta - priorconsulting","isPartOf":{"@id":"https:\/\/priorconsulting.pl\/#website"},"datePublished":"2021-06-29T17:53:33+00:00","dateModified":"2022-10-25T09:46:59+00:00","breadcrumb":{"@id":"https:\/\/priorconsulting.pl\/index.php\/oferta\/#breadcrumb"},"inLanguage":"pl-PL","potentialAction":[{"@type":"ReadAction","target":["https:\/\/priorconsulting.pl\/index.php\/oferta\/"]}]},{"@type":"BreadcrumbList","@id":"https:\/\/priorconsulting.pl\/index.php\/oferta\/#breadcrumb","itemListElement":[{"@type":"ListItem","position":1,"name":"Strona g\u0142\u00f3wna","item":"https:\/\/priorconsulting.pl\/"},{"@type":"ListItem","position":2,"name":"Oferta"}]},{"@type":"WebSite","@id":"https:\/\/priorconsulting.pl\/#website","url":"https:\/\/priorconsulting.pl\/","name":"priorconsulting","description":"Dotacje, strategie, analizy","publisher":{"@id":"https:\/\/priorconsulting.pl\/#organization"},"alternateName":"PriorConsulting dotacje, fundusze unijne Koszalin","potentialAction":[{"@type":"SearchAction","target":{"@type":"EntryPoint","urlTemplate":"https:\/\/priorconsulting.pl\/?s={search_term_string}"},"query-input":{"@type":"PropertyValueSpecification","valueRequired":true,"valueName":"search_term_string"}}],"inLanguage":"pl-PL"},{"@type":"Organization","@id":"https:\/\/priorconsulting.pl\/#organization","name":"priorconsulting","url":"https:\/\/priorconsulting.pl\/","logo":{"@type":"ImageObject","inLanguage":"pl-PL","@id":"https:\/\/priorconsulting.pl\/#\/schema\/logo\/image\/","url":"https:\/\/priorconsulting.pl\/wp-content\/uploads\/2021\/05\/logo-proba-2.png","contentUrl":"https:\/\/priorconsulting.pl\/wp-content\/uploads\/2021\/05\/logo-proba-2.png","width":445,"height":195,"caption":"priorconsulting"},"image":{"@id":"https:\/\/priorconsulting.pl\/#\/schema\/logo\/image\/"},"sameAs":["https:\/\/www.facebook.com\/profile.php?id=100070094380174"]}]}},"_links":{"self":[{"href":"https:\/\/priorconsulting.pl\/index.php\/wp-json\/wp\/v2\/pages\/710","targetHints":{"allow":["GET"]}}],"collection":[{"href":"https:\/\/priorconsulting.pl\/index.php\/wp-json\/wp\/v2\/pages"}],"about":[{"href":"https:\/\/priorconsulting.pl\/index.php\/wp-json\/wp\/v2\/types\/page"}],"author":[{"embeddable":true,"href":"https:\/\/priorconsulting.pl\/index.php\/wp-json\/wp\/v2\/users\/1"}],"replies":[{"embeddable":true,"href":"https:\/\/priorconsulting.pl\/index.php\/wp-json\/wp\/v2\/comments?post=710"}],"version-history":[{"count":32,"href":"https:\/\/priorconsulting.pl\/index.php\/wp-json\/wp\/v2\/pages\/710\/revisions"}],"predecessor-version":[{"id":1666,"href":"https:\/\/priorconsulting.pl\/index.php\/wp-json\/wp\/v2\/pages\/710\/revisions\/1666"}],"wp:attachment":[{"href":"https:\/\/priorconsulting.pl\/index.php\/wp-json\/wp\/v2\/media?parent=710"}],"curies":[{"name":"wp","href":"https:\/\/api.w.org\/{rel}","templated":true}]}}