{"id":410,"date":"2021-06-10T13:21:59","date_gmt":"2021-06-10T11:21:59","guid":{"rendered":"http:\/\/priorconsulting.pl\/?page_id=410"},"modified":"2023-10-05T11:07:44","modified_gmt":"2023-10-05T09:07:44","slug":"o-nas","status":"publish","type":"page","link":"https:\/\/priorconsulting.pl\/index.php\/o-nas\/","title":{"rendered":"O nas"},"content":{"rendered":"\t\t<div data-elementor-type=\"wp-page\" data-elementor-id=\"410\" class=\"elementor elementor-410\" data-elementor-post-type=\"page\">\n\t\t\t\t\t\t<section class=\"elementor-section elementor-top-section elementor-element elementor-element-0428df1 elementor-section-height-min-height elementor-section-boxed elementor-section-height-default elementor-section-items-middle\" data-id=\"0428df1\" data-element_type=\"section\" data-settings=\"{&quot;background_background&quot;:&quot;classic&quot;,&quot;animation&quot;:&quot;none&quot;}\">\n\t\t\t\t\t\t\t<div class=\"elementor-background-overlay\"><\/div>\n\t\t\t\t\t\t\t<div class=\"elementor-container elementor-column-gap-default\">\n\t\t\t\t\t<div class=\"elementor-column elementor-col-100 elementor-top-column elementor-element elementor-element-672fc33\" data-id=\"672fc33\" data-element_type=\"column\">\n\t\t\t<div class=\"elementor-widget-wrap elementor-element-populated\">\n\t\t\t\t\t\t<div class=\"elementor-element elementor-element-330f82a elementor-headline--style-highlight elementor-widget elementor-widget-animated-headline\" data-id=\"330f82a\" data-element_type=\"widget\" data-settings=\"{&quot;highlighted_text&quot;:&quot;zapraszamy do wsp\\u00f3\\u0142pracy&quot;,&quot;marker&quot;:&quot;underline_zigzag&quot;,&quot;headline_style&quot;:&quot;highlight&quot;,&quot;loop&quot;:&quot;yes&quot;,&quot;highlight_animation_duration&quot;:1200,&quot;highlight_iteration_delay&quot;:8000}\" data-widget_type=\"animated-headline.default\">\n\t\t\t\t<div class=\"elementor-widget-container\">\n\t\t\t\t\t\t\t<h2 class=\"elementor-headline\">\n\t\t\t\t\t<span class=\"elementor-headline-plain-text elementor-headline-text-wrapper\">Z nami osi\u0105gniesz sukces<br><\/span>\n\t\t\t\t<span class=\"elementor-headline-dynamic-wrapper elementor-headline-text-wrapper\">\n\t\t\t\t\t<span class=\"elementor-headline-dynamic-text elementor-headline-text-active\">zapraszamy do wsp\u00f3\u0142pracy<\/span>\n\t\t\t\t<\/span>\n\t\t\t\t<\/h2>\n\t\t\t\t\t\t<\/div>\n\t\t\t\t<\/div>\n\t\t\t\t\t<\/div>\n\t\t<\/div>\n\t\t\t\t\t<\/div>\n\t\t<\/section>\n\t\t\t\t<section class=\"elementor-section elementor-top-section elementor-element elementor-element-475a4bfe elementor-section-boxed elementor-section-height-default elementor-section-height-default\" data-id=\"475a4bfe\" data-element_type=\"section\">\n\t\t\t\t\t\t<div class=\"elementor-container elementor-column-gap-default\">\n\t\t\t\t\t<div class=\"elementor-column elementor-col-100 elementor-top-column elementor-element elementor-element-7e1144c6\" data-id=\"7e1144c6\" data-element_type=\"column\" data-settings=\"{&quot;background_background&quot;:&quot;classic&quot;}\">\n\t\t\t<div class=\"elementor-widget-wrap elementor-element-populated\">\n\t\t\t\t\t\t<section class=\"elementor-section elementor-inner-section elementor-element elementor-element-2dbc5f7e elementor-section-boxed elementor-section-height-default elementor-section-height-default\" data-id=\"2dbc5f7e\" data-element_type=\"section\">\n\t\t\t\t\t\t<div class=\"elementor-container elementor-column-gap-default\">\n\t\t\t\t\t<div class=\"elementor-column elementor-col-25 elementor-inner-column elementor-element elementor-element-616ebe41\" data-id=\"616ebe41\" data-element_type=\"column\">\n\t\t\t<div class=\"elementor-widget-wrap elementor-element-populated\">\n\t\t\t\t\t\t<div class=\"elementor-element elementor-element-4181981f elementor-widget elementor-widget-counter\" data-id=\"4181981f\" data-element_type=\"widget\" data-widget_type=\"counter.default\">\n\t\t\t\t<div class=\"elementor-widget-container\">\n\t\t\t\t\t\t\t<div class=\"elementor-counter\">\n\t\t\t<div class=\"elementor-counter-title\">Pozyskanych dotacji<\/div>\t\t\t<div class=\"elementor-counter-number-wrapper\">\n\t\t\t\t<span class=\"elementor-counter-number-prefix\"><\/span>\n\t\t\t\t<span class=\"elementor-counter-number\" data-duration=\"2000\" data-to-value=\"450\" data-from-value=\"0\" data-delimiter=\",\">0<\/span>\n\t\t\t\t<span class=\"elementor-counter-number-suffix\"> mln<\/span>\n\t\t\t<\/div>\n\t\t<\/div>\n\t\t\t\t\t\t<\/div>\n\t\t\t\t<\/div>\n\t\t\t\t\t<\/div>\n\t\t<\/div>\n\t\t\t\t<div class=\"elementor-column elementor-col-25 elementor-inner-column elementor-element elementor-element-383e1604\" data-id=\"383e1604\" data-element_type=\"column\">\n\t\t\t<div class=\"elementor-widget-wrap elementor-element-populated\">\n\t\t\t\t\t\t<div class=\"elementor-element elementor-element-6d12c205 elementor-widget elementor-widget-counter\" data-id=\"6d12c205\" data-element_type=\"widget\" data-widget_type=\"counter.default\">\n\t\t\t\t<div class=\"elementor-widget-container\">\n\t\t\t\t\t\t\t<div class=\"elementor-counter\">\n\t\t\t<div class=\"elementor-counter-title\">Na Rynku<\/div>\t\t\t<div class=\"elementor-counter-number-wrapper\">\n\t\t\t\t<span class=\"elementor-counter-number-prefix\"><\/span>\n\t\t\t\t<span class=\"elementor-counter-number\" data-duration=\"2000\" data-to-value=\"13\" data-from-value=\"0\" data-delimiter=\",\">0<\/span>\n\t\t\t\t<span class=\"elementor-counter-number-suffix\"> lat<\/span>\n\t\t\t<\/div>\n\t\t<\/div>\n\t\t\t\t\t\t<\/div>\n\t\t\t\t<\/div>\n\t\t\t\t\t<\/div>\n\t\t<\/div>\n\t\t\t\t<div class=\"elementor-column elementor-col-25 elementor-inner-column elementor-element elementor-element-68a9ee30\" data-id=\"68a9ee30\" data-element_type=\"column\">\n\t\t\t<div class=\"elementor-widget-wrap elementor-element-populated\">\n\t\t\t\t\t\t<div class=\"elementor-element elementor-element-16ee98bb elementor-widget elementor-widget-counter\" data-id=\"16ee98bb\" data-element_type=\"widget\" data-widget_type=\"counter.default\">\n\t\t\t\t<div class=\"elementor-widget-container\">\n\t\t\t\t\t\t\t<div class=\"elementor-counter\">\n\t\t\t<div class=\"elementor-counter-title\">Zrealizowanych Projekt\u00f3w<\/div>\t\t\t<div class=\"elementor-counter-number-wrapper\">\n\t\t\t\t<span class=\"elementor-counter-number-prefix\"><\/span>\n\t\t\t\t<span class=\"elementor-counter-number\" data-duration=\"2000\" data-to-value=\"350\" data-from-value=\"0\" data-delimiter=\",\">0<\/span>\n\t\t\t\t<span class=\"elementor-counter-number-suffix\"><\/span>\n\t\t\t<\/div>\n\t\t<\/div>\n\t\t\t\t\t\t<\/div>\n\t\t\t\t<\/div>\n\t\t\t\t\t<\/div>\n\t\t<\/div>\n\t\t\t\t<div class=\"elementor-column elementor-col-25 elementor-inner-column elementor-element elementor-element-7cee9469\" data-id=\"7cee9469\" data-element_type=\"column\">\n\t\t\t<div class=\"elementor-widget-wrap elementor-element-populated\">\n\t\t\t\t\t\t<div class=\"elementor-element elementor-element-111cc1ec elementor-widget elementor-widget-counter\" data-id=\"111cc1ec\" data-element_type=\"widget\" data-widget_type=\"counter.default\">\n\t\t\t\t<div class=\"elementor-widget-container\">\n\t\t\t\t\t\t\t<div class=\"elementor-counter\">\n\t\t\t<div class=\"elementor-counter-title\">skuteczno\u015bci<\/div>\t\t\t<div class=\"elementor-counter-number-wrapper\">\n\t\t\t\t<span class=\"elementor-counter-number-prefix\"><\/span>\n\t\t\t\t<span class=\"elementor-counter-number\" data-duration=\"2000\" data-to-value=\"93\" data-from-value=\"0\" data-delimiter=\",\">0<\/span>\n\t\t\t\t<span class=\"elementor-counter-number-suffix\">%<\/span>\n\t\t\t<\/div>\n\t\t<\/div>\n\t\t\t\t\t\t<\/div>\n\t\t\t\t<\/div>\n\t\t\t\t\t<\/div>\n\t\t<\/div>\n\t\t\t\t\t<\/div>\n\t\t<\/section>\n\t\t\t\t\t<\/div>\n\t\t<\/div>\n\t\t\t\t\t<\/div>\n\t\t<\/section>\n\t\t\t\t<section class=\"elementor-section elementor-top-section elementor-element elementor-element-7c11978b elementor-section-content-middle elementor-section-boxed elementor-section-height-default elementor-section-height-default\" data-id=\"7c11978b\" data-element_type=\"section\">\n\t\t\t\t\t\t<div class=\"elementor-container elementor-column-gap-no\">\n\t\t\t\t\t<div class=\"elementor-column elementor-col-50 elementor-top-column elementor-element elementor-element-4c17a7a0\" data-id=\"4c17a7a0\" data-element_type=\"column\">\n\t\t\t<div class=\"elementor-widget-wrap elementor-element-populated\">\n\t\t\t\t\t\t<div class=\"elementor-element elementor-element-667812d4 elementor-widget-divider--view-line elementor-widget elementor-widget-divider\" data-id=\"667812d4\" data-element_type=\"widget\" data-widget_type=\"divider.default\">\n\t\t\t\t<div class=\"elementor-widget-container\">\n\t\t\t\t\t\t\t<div class=\"elementor-divider\">\n\t\t\t<span class=\"elementor-divider-separator\">\n\t\t\t\t\t\t<\/span>\n\t\t<\/div>\n\t\t\t\t\t\t<\/div>\n\t\t\t\t<\/div>\n\t\t\t\t<div class=\"elementor-element elementor-element-3f0e0a3d elementor-widget elementor-widget-heading\" data-id=\"3f0e0a3d\" data-element_type=\"widget\" data-widget_type=\"heading.default\">\n\t\t\t\t<div class=\"elementor-widget-container\">\n\t\t\t\t\t<h4 class=\"elementor-heading-title elementor-size-default\">o nas<\/h4>\t\t\t\t<\/div>\n\t\t\t\t<\/div>\n\t\t\t\t\t<\/div>\n\t\t<\/div>\n\t\t\t\t<div class=\"elementor-column elementor-col-50 elementor-top-column elementor-element elementor-element-7846c522\" data-id=\"7846c522\" data-element_type=\"column\">\n\t\t\t<div class=\"elementor-widget-wrap elementor-element-populated\">\n\t\t\t\t\t\t<div class=\"elementor-element elementor-element-afb597f elementor-widget elementor-widget-heading\" data-id=\"afb597f\" data-element_type=\"widget\" data-widget_type=\"heading.default\">\n\t\t\t\t<div class=\"elementor-widget-container\">\n\t\t\t\t\t<h2 class=\"elementor-heading-title elementor-size-default\">Prior\u00a0Consulting\u00a0Sp. z o.o. <\/h2>\t\t\t\t<\/div>\n\t\t\t\t<\/div>\n\t\t\t\t<div class=\"elementor-element elementor-element-d450d64 elementor-widget elementor-widget-heading\" data-id=\"d450d64\" data-element_type=\"widget\" data-widget_type=\"heading.default\">\n\t\t\t\t<div class=\"elementor-widget-container\">\n\t\t\t\t\t<h1 class=\"elementor-heading-title elementor-size-default\">to firma doradcza specjalizuj\u0105ca si\u0119 w pozyskiwaniu funduszy unijnych dla firm z sektora MSP.<\/h1>\t\t\t\t<\/div>\n\t\t\t\t<\/div>\n\t\t\t\t<div class=\"elementor-element elementor-element-42dffff1 elementor-widget elementor-widget-text-editor\" data-id=\"42dffff1\" data-element_type=\"widget\" data-widget_type=\"text-editor.default\">\n\t\t\t\t<div class=\"elementor-widget-container\">\n\t\t\t\t\t\t\t\t\t<p>Nasi klienci otrzymuj\u0105 kompleksow\u0105 obs\u0142ug\u0119 pozyskania dofinansowania unijnego od momentu ustalenia koncepcji projektu inwestycyjnego pod k\u0105tem kryteri\u00f3w danego programu unijnego, poprzez przygotowanie dokumentacji aplikacyjnej wraz z niezb\u0119dnymi za\u0142\u0105cznikami, a\u017c do momentu pozyskania i rozliczenia dofinansowania z UE.<\/p><p>Nasze us\u0142ugi charakteryzuje du\u017cy profesjonalizm, indywidualne podej\u015bcie do klienta i wysoka skuteczno\u015b\u0107 dzia\u0142ania, przy jednoczesnym zachowaniu przyst\u0119pnych cen.<\/p><p>Poprzez nasze us\u0142ugi d\u0105\u017cymy do umocnienia pozycji naszego klienta na rynku.<\/p><p>Nie boimy si\u0119 wyzwa\u0144. Jeste\u015bmy otwarci. Mamy wiedz\u0119 i pomys\u0142y. Do ka\u017cdego projektu podchodzimy indywidualnie i z wielkim zapa\u0142em. Dzia\u0142amy szybko i skutecznie.<\/p><p>W poprzedniej perspektywie finansowej zrealizowali\u015bmy\u00a0ok. 200 projekt\u00f3w\u00a0inwestycyjnych zwi\u0105zanych zar\u00f3wno z budow\u0105 sieci szerokopasmowych, realizacj\u0105 prac badawczych, jak r\u00f3wnie\u017c prostych projekt\u00f3w inwestycyjnych na \u0142\u0105czn\u0105 sum\u0119\u00a0ok. 300 mln z\u0142.<\/p><p>Bogaci w do\u015bwiadczenie z poprzedniej dekady programowania \u015brodk\u00f3w pomocowych z bud\u017cetu Unii Europejskiej dla Polski, skutecznie wspomagamy naszych Klient\u00f3w w drodze do sukcesu.\u00a0<\/p>\t\t\t\t\t\t\t\t<\/div>\n\t\t\t\t<\/div>\n\t\t\t\t<div class=\"elementor-element elementor-element-36254f9d elementor-widget elementor-widget-text-editor\" data-id=\"36254f9d\" data-element_type=\"widget\" data-widget_type=\"text-editor.default\">\n\t\t\t\t<div class=\"elementor-widget-container\">\n\t\t\t\t\t\t\t\t\t<div><p>Zapraszamy do skorzystania z doradztwa o najwy\u017cszej jako\u015bci \u2013 z wielu dost\u0119pnych mo\u017cliwo\u015bci wybierzemy te najbardziej efektywne.<\/p><\/div><div>\u00a0<\/div>\t\t\t\t\t\t\t\t<\/div>\n\t\t\t\t<\/div>\n\t\t\t\t\t<\/div>\n\t\t<\/div>\n\t\t\t\t\t<\/div>\n\t\t<\/section>\n\t\t\t\t<\/div>\n\t\t","protected":false},"excerpt":{"rendered":"<p>Z nami osi\u0105gniesz sukces zapraszamy do wsp\u00f3\u0142pracy 0 mln Pozyskanych dotacji 0 lat Na Rynku 0 Zrealizowanych Projekt\u00f3w 0 % skuteczno\u015bci o nas Prior\u00a0Consulting\u00a0Sp. z o.o. to firma doradcza specjalizuj\u0105ca si\u0119 w pozyskiwaniu funduszy unijnych dla firm z sektora MSP. Nasi klienci otrzymuj\u0105 kompleksow\u0105 obs\u0142ug\u0119 pozyskania dofinansowania unijnego od momentu ustalenia koncepcji projektu inwestycyjnego pod [&hellip;]<\/p>\n","protected":false},"author":1,"featured_media":0,"parent":0,"menu_order":0,"comment_status":"closed","ping_status":"closed","template":"","meta":{"inline_featured_image":false,"footnotes":""},"class_list":["post-410","page","type-page","status-publish","hentry"],"yoast_head":"<!-- This site is optimized with the Yoast SEO plugin v25.9 - https:\/\/yoast.com\/wordpress\/plugins\/seo\/ -->\n<title>O nas - priorconsulting<\/title>\n<meta name=\"description\" content=\"Otrzymaj\u0105 Pa\u0144stwo kompleksow\u0105 obs\u0142ug\u0119 pozyskania dofinansowania unijnego od momentu ustalenia koncepcji projektu inwestycyjnego pod k\u0105tem kryteri\u00f3w danego programu unijnego, poprzez przygotowanie dokumentacji aplikacyjnej wraz z niezb\u0119dnymi za\u0142\u0105cznikami, a\u017c do momentu pozyskania i rozliczenia dofinansowania z UE.\" \/>\n<meta name=\"robots\" content=\"index, follow, max-snippet:-1, max-image-preview:large, max-video-preview:-1\" \/>\n<link rel=\"canonical\" href=\"https:\/\/priorconsulting.pl\/index.php\/o-nas\/\" \/>\n<meta property=\"og:locale\" content=\"pl_PL\" \/>\n<meta property=\"og:type\" content=\"article\" \/>\n<meta property=\"og:title\" content=\"O nas - priorconsulting\" \/>\n<meta property=\"og:description\" content=\"Otrzymaj\u0105 Pa\u0144stwo kompleksow\u0105 obs\u0142ug\u0119 pozyskania dofinansowania unijnego od momentu ustalenia koncepcji projektu inwestycyjnego pod k\u0105tem kryteri\u00f3w danego programu unijnego, poprzez przygotowanie dokumentacji aplikacyjnej wraz z niezb\u0119dnymi za\u0142\u0105cznikami, a\u017c do momentu pozyskania i rozliczenia dofinansowania z UE.\" \/>\n<meta property=\"og:url\" content=\"https:\/\/priorconsulting.pl\/index.php\/o-nas\/\" \/>\n<meta property=\"og:site_name\" content=\"priorconsulting\" \/>\n<meta property=\"article:publisher\" content=\"https:\/\/www.facebook.com\/profile.php?id=100070094380174\" \/>\n<meta property=\"article:modified_time\" content=\"2023-10-05T09:07:44+00:00\" \/>\n<meta property=\"og:image\" content=\"https:\/\/priorconsulting.pl\/wp-content\/uploads\/2021\/07\/prior_logo_kolor_pion.png\" \/>\n\t<meta property=\"og:image:width\" content=\"1160\" \/>\n\t<meta property=\"og:image:height\" content=\"548\" \/>\n\t<meta property=\"og:image:type\" content=\"image\/png\" \/>\n<meta name=\"twitter:card\" content=\"summary_large_image\" \/>\n<meta name=\"twitter:label1\" content=\"Szacowany czas czytania\" \/>\n\t<meta name=\"twitter:data1\" content=\"2 minuty\" \/>\n<script type=\"application\/ld+json\" class=\"yoast-schema-graph\">{\"@context\":\"https:\/\/schema.org\",\"@graph\":[{\"@type\":\"WebPage\",\"@id\":\"https:\/\/priorconsulting.pl\/index.php\/o-nas\/\",\"url\":\"https:\/\/priorconsulting.pl\/index.php\/o-nas\/\",\"name\":\"O nas - priorconsulting\",\"isPartOf\":{\"@id\":\"https:\/\/priorconsulting.pl\/#website\"},\"datePublished\":\"2021-06-10T11:21:59+00:00\",\"dateModified\":\"2023-10-05T09:07:44+00:00\",\"description\":\"Otrzymaj\u0105 Pa\u0144stwo kompleksow\u0105 obs\u0142ug\u0119 pozyskania dofinansowania unijnego od momentu ustalenia koncepcji projektu inwestycyjnego pod k\u0105tem kryteri\u00f3w danego programu unijnego, poprzez przygotowanie dokumentacji aplikacyjnej wraz z niezb\u0119dnymi za\u0142\u0105cznikami, a\u017c do momentu pozyskania i rozliczenia dofinansowania z UE.\",\"breadcrumb\":{\"@id\":\"https:\/\/priorconsulting.pl\/index.php\/o-nas\/#breadcrumb\"},\"inLanguage\":\"pl-PL\",\"potentialAction\":[{\"@type\":\"ReadAction\",\"target\":[\"https:\/\/priorconsulting.pl\/index.php\/o-nas\/\"]}]},{\"@type\":\"BreadcrumbList\",\"@id\":\"https:\/\/priorconsulting.pl\/index.php\/o-nas\/#breadcrumb\",\"itemListElement\":[{\"@type\":\"ListItem\",\"position\":1,\"name\":\"Strona g\u0142\u00f3wna\",\"item\":\"https:\/\/priorconsulting.pl\/\"},{\"@type\":\"ListItem\",\"position\":2,\"name\":\"O nas\"}]},{\"@type\":\"WebSite\",\"@id\":\"https:\/\/priorconsulting.pl\/#website\",\"url\":\"https:\/\/priorconsulting.pl\/\",\"name\":\"priorconsulting\",\"description\":\"Dotacje, strategie, analizy\",\"publisher\":{\"@id\":\"https:\/\/priorconsulting.pl\/#organization\"},\"alternateName\":\"PriorConsulting dotacje, fundusze unijne Koszalin\",\"potentialAction\":[{\"@type\":\"SearchAction\",\"target\":{\"@type\":\"EntryPoint\",\"urlTemplate\":\"https:\/\/priorconsulting.pl\/?s={search_term_string}\"},\"query-input\":{\"@type\":\"PropertyValueSpecification\",\"valueRequired\":true,\"valueName\":\"search_term_string\"}}],\"inLanguage\":\"pl-PL\"},{\"@type\":\"Organization\",\"@id\":\"https:\/\/priorconsulting.pl\/#organization\",\"name\":\"priorconsulting\",\"url\":\"https:\/\/priorconsulting.pl\/\",\"logo\":{\"@type\":\"ImageObject\",\"inLanguage\":\"pl-PL\",\"@id\":\"https:\/\/priorconsulting.pl\/#\/schema\/logo\/image\/\",\"url\":\"https:\/\/priorconsulting.pl\/wp-content\/uploads\/2021\/05\/logo-proba-2.png\",\"contentUrl\":\"https:\/\/priorconsulting.pl\/wp-content\/uploads\/2021\/05\/logo-proba-2.png\",\"width\":445,\"height\":195,\"caption\":\"priorconsulting\"},\"image\":{\"@id\":\"https:\/\/priorconsulting.pl\/#\/schema\/logo\/image\/\"},\"sameAs\":[\"https:\/\/www.facebook.com\/profile.php?id=100070094380174\"]}]}<\/script>\n<!-- \/ Yoast SEO plugin. -->","yoast_head_json":{"title":"O nas - priorconsulting","description":"Otrzymaj\u0105 Pa\u0144stwo kompleksow\u0105 obs\u0142ug\u0119 pozyskania dofinansowania unijnego od momentu ustalenia koncepcji projektu inwestycyjnego pod k\u0105tem kryteri\u00f3w danego programu unijnego, poprzez przygotowanie dokumentacji aplikacyjnej wraz z niezb\u0119dnymi za\u0142\u0105cznikami, a\u017c do momentu pozyskania i rozliczenia dofinansowania z UE.","robots":{"index":"index","follow":"follow","max-snippet":"max-snippet:-1","max-image-preview":"max-image-preview:large","max-video-preview":"max-video-preview:-1"},"canonical":"https:\/\/priorconsulting.pl\/index.php\/o-nas\/","og_locale":"pl_PL","og_type":"article","og_title":"O nas - priorconsulting","og_description":"Otrzymaj\u0105 Pa\u0144stwo kompleksow\u0105 obs\u0142ug\u0119 pozyskania dofinansowania unijnego od momentu ustalenia koncepcji projektu inwestycyjnego pod k\u0105tem kryteri\u00f3w danego programu unijnego, poprzez przygotowanie dokumentacji aplikacyjnej wraz z niezb\u0119dnymi za\u0142\u0105cznikami, a\u017c do momentu pozyskania i rozliczenia dofinansowania z UE.","og_url":"https:\/\/priorconsulting.pl\/index.php\/o-nas\/","og_site_name":"priorconsulting","article_publisher":"https:\/\/www.facebook.com\/profile.php?id=100070094380174","article_modified_time":"2023-10-05T09:07:44+00:00","og_image":[{"width":1160,"height":548,"url":"https:\/\/priorconsulting.pl\/wp-content\/uploads\/2021\/07\/prior_logo_kolor_pion.png","type":"image\/png"}],"twitter_card":"summary_large_image","twitter_misc":{"Szacowany czas czytania":"2 minuty"},"schema":{"@context":"https:\/\/schema.org","@graph":[{"@type":"WebPage","@id":"https:\/\/priorconsulting.pl\/index.php\/o-nas\/","url":"https:\/\/priorconsulting.pl\/index.php\/o-nas\/","name":"O nas - priorconsulting","isPartOf":{"@id":"https:\/\/priorconsulting.pl\/#website"},"datePublished":"2021-06-10T11:21:59+00:00","dateModified":"2023-10-05T09:07:44+00:00","description":"Otrzymaj\u0105 Pa\u0144stwo kompleksow\u0105 obs\u0142ug\u0119 pozyskania dofinansowania unijnego od momentu ustalenia koncepcji projektu inwestycyjnego pod k\u0105tem kryteri\u00f3w danego programu unijnego, poprzez przygotowanie dokumentacji aplikacyjnej wraz z niezb\u0119dnymi za\u0142\u0105cznikami, a\u017c do momentu pozyskania i rozliczenia dofinansowania z UE.","breadcrumb":{"@id":"https:\/\/priorconsulting.pl\/index.php\/o-nas\/#breadcrumb"},"inLanguage":"pl-PL","potentialAction":[{"@type":"ReadAction","target":["https:\/\/priorconsulting.pl\/index.php\/o-nas\/"]}]},{"@type":"BreadcrumbList","@id":"https:\/\/priorconsulting.pl\/index.php\/o-nas\/#breadcrumb","itemListElement":[{"@type":"ListItem","position":1,"name":"Strona g\u0142\u00f3wna","item":"https:\/\/priorconsulting.pl\/"},{"@type":"ListItem","position":2,"name":"O nas"}]},{"@type":"WebSite","@id":"https:\/\/priorconsulting.pl\/#website","url":"https:\/\/priorconsulting.pl\/","name":"priorconsulting","description":"Dotacje, strategie, analizy","publisher":{"@id":"https:\/\/priorconsulting.pl\/#organization"},"alternateName":"PriorConsulting dotacje, fundusze unijne Koszalin","potentialAction":[{"@type":"SearchAction","target":{"@type":"EntryPoint","urlTemplate":"https:\/\/priorconsulting.pl\/?s={search_term_string}"},"query-input":{"@type":"PropertyValueSpecification","valueRequired":true,"valueName":"search_term_string"}}],"inLanguage":"pl-PL"},{"@type":"Organization","@id":"https:\/\/priorconsulting.pl\/#organization","name":"priorconsulting","url":"https:\/\/priorconsulting.pl\/","logo":{"@type":"ImageObject","inLanguage":"pl-PL","@id":"https:\/\/priorconsulting.pl\/#\/schema\/logo\/image\/","url":"https:\/\/priorconsulting.pl\/wp-content\/uploads\/2021\/05\/logo-proba-2.png","contentUrl":"https:\/\/priorconsulting.pl\/wp-content\/uploads\/2021\/05\/logo-proba-2.png","width":445,"height":195,"caption":"priorconsulting"},"image":{"@id":"https:\/\/priorconsulting.pl\/#\/schema\/logo\/image\/"},"sameAs":["https:\/\/www.facebook.com\/profile.php?id=100070094380174"]}]}},"_links":{"self":[{"href":"https:\/\/priorconsulting.pl\/index.php\/wp-json\/wp\/v2\/pages\/410","targetHints":{"allow":["GET"]}}],"collection":[{"href":"https:\/\/priorconsulting.pl\/index.php\/wp-json\/wp\/v2\/pages"}],"about":[{"href":"https:\/\/priorconsulting.pl\/index.php\/wp-json\/wp\/v2\/types\/page"}],"author":[{"embeddable":true,"href":"https:\/\/priorconsulting.pl\/index.php\/wp-json\/wp\/v2\/users\/1"}],"replies":[{"embeddable":true,"href":"https:\/\/priorconsulting.pl\/index.php\/wp-json\/wp\/v2\/comments?post=410"}],"version-history":[{"count":121,"href":"https:\/\/priorconsulting.pl\/index.php\/wp-json\/wp\/v2\/pages\/410\/revisions"}],"predecessor-version":[{"id":1753,"href":"https:\/\/priorconsulting.pl\/index.php\/wp-json\/wp\/v2\/pages\/410\/revisions\/1753"}],"wp:attachment":[{"href":"https:\/\/priorconsulting.pl\/index.php\/wp-json\/wp\/v2\/media?parent=410"}],"curies":[{"name":"wp","href":"https:\/\/api.w.org\/{rel}","templated":true}]}}