{"id":329,"date":"2021-06-09T19:55:17","date_gmt":"2021-06-09T17:55:17","guid":{"rendered":"http:\/\/priorconsulting.pl\/?page_id=329"},"modified":"2022-10-11T11:44:04","modified_gmt":"2022-10-11T09:44:04","slug":"aktualnosci","status":"publish","type":"page","link":"https:\/\/priorconsulting.pl\/index.php\/aktualnosci\/","title":{"rendered":"Aktualno\u015bci"},"content":{"rendered":"\t\t<div data-elementor-type=\"wp-page\" data-elementor-id=\"329\" class=\"elementor elementor-329\" data-elementor-post-type=\"page\">\n\t\t\t\t\t\t<section class=\"elementor-section elementor-top-section elementor-element elementor-element-c80c9ba elementor-section-height-min-height elementor-section-boxed elementor-section-height-default elementor-section-items-middle\" data-id=\"c80c9ba\" data-element_type=\"section\" data-e-type=\"section\" data-settings=\"{&quot;background_background&quot;:&quot;classic&quot;,&quot;animation&quot;:&quot;none&quot;}\">\n\t\t\t\t\t\t\t<div class=\"elementor-background-overlay\"><\/div>\n\t\t\t\t\t\t\t<div class=\"elementor-container elementor-column-gap-default\">\n\t\t\t\t\t<div class=\"elementor-column elementor-col-100 elementor-top-column elementor-element elementor-element-ce8100d\" data-id=\"ce8100d\" data-element_type=\"column\" data-e-type=\"column\">\n\t\t\t<div class=\"elementor-widget-wrap elementor-element-populated\">\n\t\t\t\t\t\t<div class=\"elementor-element elementor-element-a4ce6f4 elementor-headline--style-highlight elementor-widget elementor-widget-animated-headline\" data-id=\"a4ce6f4\" data-element_type=\"widget\" data-e-type=\"widget\" data-settings=\"{&quot;highlighted_text&quot;:&quot;Aktualno\\u015bci&quot;,&quot;marker&quot;:&quot;underline_zigzag&quot;,&quot;headline_style&quot;:&quot;highlight&quot;,&quot;loop&quot;:&quot;yes&quot;,&quot;highlight_animation_duration&quot;:1200,&quot;highlight_iteration_delay&quot;:8000}\" data-widget_type=\"animated-headline.default\">\n\t\t\t\t<div class=\"elementor-widget-container\">\n\t\t\t\t\t\t\t<h2 class=\"elementor-headline\">\n\t\t\t\t\t<span class=\"elementor-headline-plain-text elementor-headline-text-wrapper\"><br><\/span>\n\t\t\t\t<span class=\"elementor-headline-dynamic-wrapper elementor-headline-text-wrapper\">\n\t\t\t\t\t<span class=\"elementor-headline-dynamic-text elementor-headline-text-active\">Aktualno\u015bci<\/span>\n\t\t\t\t<\/span>\n\t\t\t\t<\/h2>\n\t\t\t\t\t\t<\/div>\n\t\t\t\t<\/div>\n\t\t\t\t\t<\/div>\n\t\t<\/div>\n\t\t\t\t\t<\/div>\n\t\t<\/section>\n\t\t\t\t<section class=\"elementor-section elementor-top-section elementor-element elementor-element-1a8ba1f elementor-section-boxed elementor-section-height-default elementor-section-height-default\" data-id=\"1a8ba1f\" data-element_type=\"section\" data-e-type=\"section\">\n\t\t\t\t\t\t<div class=\"elementor-container elementor-column-gap-default\">\n\t\t\t\t\t<div class=\"elementor-column elementor-col-100 elementor-top-column elementor-element elementor-element-91d5b25\" data-id=\"91d5b25\" data-element_type=\"column\" data-e-type=\"column\">\n\t\t\t<div class=\"elementor-widget-wrap elementor-element-populated\">\n\t\t\t\t\t\t<div class=\"elementor-element elementor-element-3e9c1c8 elementor-grid-3 elementor-grid-tablet-2 elementor-grid-mobile-1 elementor-posts--thumbnail-top elementor-widget elementor-widget-posts\" data-id=\"3e9c1c8\" data-element_type=\"widget\" data-e-type=\"widget\" data-settings=\"{&quot;classic_columns&quot;:&quot;3&quot;,&quot;classic_columns_tablet&quot;:&quot;2&quot;,&quot;classic_columns_mobile&quot;:&quot;1&quot;,&quot;classic_row_gap&quot;:{&quot;unit&quot;:&quot;px&quot;,&quot;size&quot;:35,&quot;sizes&quot;:[]},&quot;classic_row_gap_tablet&quot;:{&quot;unit&quot;:&quot;px&quot;,&quot;size&quot;:&quot;&quot;,&quot;sizes&quot;:[]},&quot;classic_row_gap_mobile&quot;:{&quot;unit&quot;:&quot;px&quot;,&quot;size&quot;:&quot;&quot;,&quot;sizes&quot;:[]}}\" data-widget_type=\"posts.classic\">\n\t\t\t\t<div class=\"elementor-widget-container\">\n\t\t\t\t\t\t\t<div class=\"elementor-posts-container elementor-posts elementor-posts--skin-classic elementor-grid\">\n\t\t\t\t<article class=\"elementor-post elementor-grid-item post-1802 post type-post status-publish format-standard has-post-thumbnail hentry category-bez-kategorii tag-brexit tag-dotacja tag-koszalin tag-program tag-re_open tag-rejon-koszalinski\">\n\t\t\t\t<a class=\"elementor-post__thumbnail__link\" href=\"https:\/\/priorconsulting.pl\/index.php\/2023\/11\/20\/gratulujemy-naszym-klientom-program-re_open-uk\/\" tabindex=\"-1\" >\n\t\t\t<div class=\"elementor-post__thumbnail\"><img fetchpriority=\"high\" decoding=\"async\" width=\"300\" height=\"197\" src=\"https:\/\/priorconsulting.pl\/wp-content\/uploads\/2023\/11\/avatar-brexit-300x197.png\" class=\"attachment-medium size-medium wp-image-1803\" alt=\"\" srcset=\"https:\/\/priorconsulting.pl\/wp-content\/uploads\/2023\/11\/avatar-brexit-300x197.png 300w, https:\/\/priorconsulting.pl\/wp-content\/uploads\/2023\/11\/avatar-brexit.png 350w\" sizes=\"(max-width: 300px) 100vw, 300px\" \/><\/div>\n\t\t<\/a>\n\t\t\t\t<div class=\"elementor-post__text\">\n\t\t\t\t<h3 class=\"elementor-post__title\">\n\t\t\t<a href=\"https:\/\/priorconsulting.pl\/index.php\/2023\/11\/20\/gratulujemy-naszym-klientom-program-re_open-uk\/\" >\n\t\t\t\tGratulujemy naszym klientom &#8211; Program Re_Open UK\t\t\t<\/a>\n\t\t<\/h3>\n\t\t\t\t<div class=\"elementor-post__meta-data\">\n\t\t\t\t\t<span class=\"elementor-post-date\">\n\t\t\t20 listopada 2023\t\t<\/span>\n\t\t\t\t<span class=\"elementor-post-avatar\">\n\t\t\tBrak komentarzy\t\t<\/span>\n\t\t\t\t<\/div>\n\t\t\t\t<div class=\"elementor-post__excerpt\">\n\t\t\t<p>Gratulujemy naszym klientom &#8211; Program Re_Open UK.<br \/>\nW ramach dotacji RE Open UK przedsi\u0119biorcy mogli skorzysta\u0107 z dofinansowania w wysoko\u015bci do 100%. Wsparcie mo\u017cna by\u0142o otrzyma\u0107 w formie dotacji do zakupu maszyn, urz\u0105dze\u0144, budow\u0119 nowych obiekt\u00f3w, udzia\u0142 w targach mi\u0119dzynarodowych i wiele innych. <\/p>\n\t\t<\/div>\n\t\t\n\t\t<a class=\"elementor-post__read-more\" href=\"https:\/\/priorconsulting.pl\/index.php\/2023\/11\/20\/gratulujemy-naszym-klientom-program-re_open-uk\/\" aria-label=\"Read more about Gratulujemy naszym klientom &#8211; Program Re_Open UK\" tabindex=\"-1\" >\n\t\t\tCzytaj wi\u0119cej \u00bb\t\t<\/a>\n\n\t\t\t\t<\/div>\n\t\t\t\t<\/article>\n\t\t\t\t<article class=\"elementor-post elementor-grid-item post-1792 post type-post status-publish format-standard has-post-thumbnail hentry category-bez-kategorii tag-koszalin tag-program-granotwy tag-wsparcie tag-wsparcie-na-cyfryzacje\">\n\t\t\t\t<a class=\"elementor-post__thumbnail__link\" href=\"https:\/\/priorconsulting.pl\/index.php\/2023\/11\/11\/wsparcie-dla-firm-na-cyfryzacje\/\" tabindex=\"-1\" >\n\t\t\t<div class=\"elementor-post__thumbnail\"><img decoding=\"async\" width=\"300\" height=\"150\" src=\"https:\/\/priorconsulting.pl\/wp-content\/uploads\/2023\/11\/Dotacje-na-cyfryzacje-dla-firm--300x150.png\" class=\"attachment-medium size-medium wp-image-1793\" alt=\"\" srcset=\"https:\/\/priorconsulting.pl\/wp-content\/uploads\/2023\/11\/Dotacje-na-cyfryzacje-dla-firm--300x150.png 300w, https:\/\/priorconsulting.pl\/wp-content\/uploads\/2023\/11\/Dotacje-na-cyfryzacje-dla-firm--1024x512.png 1024w, https:\/\/priorconsulting.pl\/wp-content\/uploads\/2023\/11\/Dotacje-na-cyfryzacje-dla-firm--768x384.png 768w, https:\/\/priorconsulting.pl\/wp-content\/uploads\/2023\/11\/Dotacje-na-cyfryzacje-dla-firm--1536x768.png 1536w, https:\/\/priorconsulting.pl\/wp-content\/uploads\/2023\/11\/Dotacje-na-cyfryzacje-dla-firm--2048x1024.png 2048w\" sizes=\"(max-width: 300px) 100vw, 300px\" \/><\/div>\n\t\t<\/a>\n\t\t\t\t<div class=\"elementor-post__text\">\n\t\t\t\t<h3 class=\"elementor-post__title\">\n\t\t\t<a href=\"https:\/\/priorconsulting.pl\/index.php\/2023\/11\/11\/wsparcie-dla-firm-na-cyfryzacje\/\" >\n\t\t\t\tWsparcie dla firm na\u00a0cyfryzacj\u0119\t\t\t<\/a>\n\t\t<\/h3>\n\t\t\t\t<div class=\"elementor-post__meta-data\">\n\t\t\t\t\t<span class=\"elementor-post-date\">\n\t\t\t11 listopada 2023\t\t<\/span>\n\t\t\t\t<span class=\"elementor-post-avatar\">\n\t\t\tBrak komentarzy\t\t<\/span>\n\t\t\t\t<\/div>\n\t\t\t\t<div class=\"elementor-post__excerpt\">\n\t\t\t<p>Wsparcie dla firm na cyfryzacj\u0119. &#8211; Pod koniec IV kwarta\u0142u 2023 r. ARP S.A. uruchomi nowy program grantowy Dig.IT Transformacja Cyfrowa Polskich M\u015aP. B\u0119dzie to bezzwrotne wsparcie udzielane w ramach pomocy de minimis, dotycz\u0105ce wdra\u017cania rozwi\u0105za\u0144 zmierzaj\u0105cych do cyfryzacji.<\/p>\n\t\t<\/div>\n\t\t\n\t\t<a class=\"elementor-post__read-more\" href=\"https:\/\/priorconsulting.pl\/index.php\/2023\/11\/11\/wsparcie-dla-firm-na-cyfryzacje\/\" aria-label=\"Read more about Wsparcie dla firm na\u00a0cyfryzacj\u0119\" tabindex=\"-1\" >\n\t\t\tCzytaj wi\u0119cej \u00bb\t\t<\/a>\n\n\t\t\t\t<\/div>\n\t\t\t\t<\/article>\n\t\t\t\t<article class=\"elementor-post elementor-grid-item post-1763 post type-post status-publish format-standard has-post-thumbnail hentry category-bez-kategorii tag-fundusze tag-koszalin tag-pisanie tag-rejon-koszalinski tag-wniosek\">\n\t\t\t\t<a class=\"elementor-post__thumbnail__link\" href=\"https:\/\/priorconsulting.pl\/index.php\/2023\/10\/05\/region-koszalinski-fundusze\/\" tabindex=\"-1\" >\n\t\t\t<div class=\"elementor-post__thumbnail\"><img decoding=\"async\" width=\"300\" height=\"251\" src=\"https:\/\/priorconsulting.pl\/wp-content\/uploads\/2023\/10\/koszalin-300x251.jpg\" class=\"attachment-medium size-medium wp-image-1776\" alt=\"dotacje z rejonu koszali\u0144skiego\" srcset=\"https:\/\/priorconsulting.pl\/wp-content\/uploads\/2023\/10\/koszalin-300x251.jpg 300w, https:\/\/priorconsulting.pl\/wp-content\/uploads\/2023\/10\/koszalin-768x644.jpg 768w, https:\/\/priorconsulting.pl\/wp-content\/uploads\/2023\/10\/koszalin.jpg 940w\" sizes=\"(max-width: 300px) 100vw, 300px\" \/><\/div>\n\t\t<\/a>\n\t\t\t\t<div class=\"elementor-post__text\">\n\t\t\t\t<h3 class=\"elementor-post__title\">\n\t\t\t<a href=\"https:\/\/priorconsulting.pl\/index.php\/2023\/10\/05\/region-koszalinski-fundusze\/\" >\n\t\t\t\tRegion Koszali\u0144ski &#8211; fundusze\t\t\t<\/a>\n\t\t<\/h3>\n\t\t\t\t<div class=\"elementor-post__meta-data\">\n\t\t\t\t\t<span class=\"elementor-post-date\">\n\t\t\t5 pa\u017adziernika 2023\t\t<\/span>\n\t\t\t\t<span class=\"elementor-post-avatar\">\n\t\t\tBrak komentarzy\t\t<\/span>\n\t\t\t\t<\/div>\n\t\t\t\t<div class=\"elementor-post__excerpt\">\n\t\t\t<p>Wiele si\u0119 s\u0142yszy i czyta na temat funduszy unijnych, kt\u00f3re mo\u017cna otrzyma\u0107 na r\u00f3\u017cnego rodzaju przedsi\u0119wzi\u0119cia. Mo\u017ce to by\u0107 budowa dr\u00f3g, budowa \u017c\u0142obk\u00f3w, przedszkoli, organizacja r\u00f3\u017cnego rodzaju szkole\u0144 i inicjatyw. S\u0105 to cz\u0119sto przedsi\u0119wzi\u0119cia realizowane przez administracj\u0119 rz\u0105dow\u0105 lub samorz\u0105dow\u0105 oraz przez sektor NGO.<br \/>\nZnaczna cz\u0119\u015b\u0107 funduszy unijnych, kt\u00f3re otrzyma\u0142a Polska w ramach wsp\u00f3lnego bud\u017cetu UE, zostanie przeznaczona dla polskich firm oraz realizowane przez nie projekty inwestycyjnej.<\/p>\n\t\t<\/div>\n\t\t\n\t\t<a class=\"elementor-post__read-more\" href=\"https:\/\/priorconsulting.pl\/index.php\/2023\/10\/05\/region-koszalinski-fundusze\/\" aria-label=\"Read more about Region Koszali\u0144ski &#8211; fundusze\" tabindex=\"-1\" >\n\t\t\tCzytaj wi\u0119cej \u00bb\t\t<\/a>\n\n\t\t\t\t<\/div>\n\t\t\t\t<\/article>\n\t\t\t\t<article class=\"elementor-post elementor-grid-item post-1570 post type-post status-publish format-standard has-post-thumbnail hentry category-bez-kategorii tag-koszalin tag-krajowy-plan-odbudowy tag-nabor tag-wnioski\">\n\t\t\t\t<a class=\"elementor-post__thumbnail__link\" href=\"https:\/\/priorconsulting.pl\/index.php\/2022\/10\/06\/krajowy-plan-odbudowy-w-ramach-wsparcia-w-zakresie-przetwarzania\/\" tabindex=\"-1\" >\n\t\t\t<div class=\"elementor-post__thumbnail\"><img loading=\"lazy\" decoding=\"async\" width=\"300\" height=\"197\" src=\"https:\/\/priorconsulting.pl\/wp-content\/uploads\/2022\/10\/KPO-dla-przetworcow-profil-300x197.png\" class=\"attachment-medium size-medium wp-image-1573\" alt=\"plan odbudowy2\" srcset=\"https:\/\/priorconsulting.pl\/wp-content\/uploads\/2022\/10\/KPO-dla-przetworcow-profil-300x197.png 300w, https:\/\/priorconsulting.pl\/wp-content\/uploads\/2022\/10\/KPO-dla-przetworcow-profil.png 350w\" sizes=\"(max-width: 300px) 100vw, 300px\" \/><\/div>\n\t\t<\/a>\n\t\t\t\t<div class=\"elementor-post__text\">\n\t\t\t\t<h3 class=\"elementor-post__title\">\n\t\t\t<a href=\"https:\/\/priorconsulting.pl\/index.php\/2022\/10\/06\/krajowy-plan-odbudowy-w-ramach-wsparcia-w-zakresie-przetwarzania\/\" >\n\t\t\t\tKrajowy Plan Odbudowy w ramach wsparcia w zakresie przetwarzania\t\t\t<\/a>\n\t\t<\/h3>\n\t\t\t\t<div class=\"elementor-post__meta-data\">\n\t\t\t\t\t<span class=\"elementor-post-date\">\n\t\t\t6 pa\u017adziernika 2022\t\t<\/span>\n\t\t\t\t<span class=\"elementor-post-avatar\">\n\t\t\tBrak komentarzy\t\t<\/span>\n\t\t\t\t<\/div>\n\t\t\t\t<div class=\"elementor-post__excerpt\">\n\t\t\t<p>W ramach Krajowego Planu Odbudowy w w zakresie przetwarzania lub wprowadzania do obrotu produkt\u00f3w rolnych, spo\u017cywczych oraz rybo\u0142\u00f3wstwa lub akwakultury planowany jest nab\u00f3r wnios\u00f3w od 17 pa\u017adziernika do 18 listopada br. Wsparcie udziela si\u0119 do 50% koszt\u00f3w kwalifikowalnych. \u0141\u0105cznie w ca\u0142ym okresie wdra\u017cania KPO jedna osoba mo\u017ce otrzyma\u0107 do 500 000 z\u0142. Minimalna warto\u015b\u0107 wnioskowanej kwoty wsparcia musi wynie\u015b\u0107 nie mniej ni\u017c 100 000 z\u0142.<\/p>\n\t\t<\/div>\n\t\t\n\t\t<a class=\"elementor-post__read-more\" href=\"https:\/\/priorconsulting.pl\/index.php\/2022\/10\/06\/krajowy-plan-odbudowy-w-ramach-wsparcia-w-zakresie-przetwarzania\/\" aria-label=\"Read more about Krajowy Plan Odbudowy w ramach wsparcia w zakresie przetwarzania\" tabindex=\"-1\" >\n\t\t\tCzytaj wi\u0119cej \u00bb\t\t<\/a>\n\n\t\t\t\t<\/div>\n\t\t\t\t<\/article>\n\t\t\t\t<article class=\"elementor-post elementor-grid-item post-1557 post type-post status-publish format-standard has-post-thumbnail hentry category-bez-kategorii tag-koszalin tag-kredyt-ekologiczny tag-modernizacja tag-oze\">\n\t\t\t\t<a class=\"elementor-post__thumbnail__link\" href=\"https:\/\/priorconsulting.pl\/index.php\/2022\/10\/06\/kredyt-ekologiczny\/\" tabindex=\"-1\" >\n\t\t\t<div class=\"elementor-post__thumbnail\"><img loading=\"lazy\" decoding=\"async\" width=\"300\" height=\"197\" src=\"https:\/\/priorconsulting.pl\/wp-content\/uploads\/2022\/10\/Kredyt-ekologiczny-300x197.png\" class=\"attachment-medium size-medium wp-image-1560\" alt=\"\" srcset=\"https:\/\/priorconsulting.pl\/wp-content\/uploads\/2022\/10\/Kredyt-ekologiczny-300x197.png 300w, https:\/\/priorconsulting.pl\/wp-content\/uploads\/2022\/10\/Kredyt-ekologiczny.png 350w\" sizes=\"(max-width: 300px) 100vw, 300px\" \/><\/div>\n\t\t<\/a>\n\t\t\t\t<div class=\"elementor-post__text\">\n\t\t\t\t<h3 class=\"elementor-post__title\">\n\t\t\t<a href=\"https:\/\/priorconsulting.pl\/index.php\/2022\/10\/06\/kredyt-ekologiczny\/\" >\n\t\t\t\tKredyt ekologiczny\t\t\t<\/a>\n\t\t<\/h3>\n\t\t\t\t<div class=\"elementor-post__meta-data\">\n\t\t\t\t\t<span class=\"elementor-post-date\">\n\t\t\t6 pa\u017adziernika 2022\t\t<\/span>\n\t\t\t\t<span class=\"elementor-post-avatar\">\n\t\t\tBrak komentarzy\t\t<\/span>\n\t\t\t\t<\/div>\n\t\t\t\t<div class=\"elementor-post__excerpt\">\n\t\t\t<p>Kredyt ekologiczny to zupe\u0142nie nowe dzia\u0142anie zaplanowane w ramach programu Fundusze Europejskie dla Nowoczesnej Gospodarki (FENG). Celem dzia\u0142ania b\u0119dzie wspieranie transformacji przedsi\u0119biorstw w zakresie efektywno\u015bci energetycznej poprzez wdra\u017canie nowych lub ulepszonych produkt\u00f3w, us\u0142ug lub proces\u00f3w, umo\u017cliwiaj\u0105cych znacz\u0105c\u0105 redukcj\u0119 zu\u017cycia energii (np. elektrycznej, gazowej) w danym przedsi\u0119biorstwie (procesy) lub u odbiorcy ko\u0144cowego (produkty, us\u0142ugi).<\/p>\n\t\t<\/div>\n\t\t\n\t\t<a class=\"elementor-post__read-more\" href=\"https:\/\/priorconsulting.pl\/index.php\/2022\/10\/06\/kredyt-ekologiczny\/\" aria-label=\"Read more about Kredyt ekologiczny\" tabindex=\"-1\" >\n\t\t\tCzytaj wi\u0119cej \u00bb\t\t<\/a>\n\n\t\t\t\t<\/div>\n\t\t\t\t<\/article>\n\t\t\t\t<article class=\"elementor-post elementor-grid-item post-1520 post type-post status-publish format-standard has-post-thumbnail hentry category-bez-kategorii tag-koszalin tag-kredyt-na-innowacje tag-technologiczne\">\n\t\t\t\t<a class=\"elementor-post__thumbnail__link\" href=\"https:\/\/priorconsulting.pl\/index.php\/2022\/10\/06\/kredyt-na-innowacje-technologiczne\/\" tabindex=\"-1\" >\n\t\t\t<div class=\"elementor-post__thumbnail\"><img loading=\"lazy\" decoding=\"async\" width=\"300\" height=\"197\" src=\"https:\/\/priorconsulting.pl\/wp-content\/uploads\/2022\/10\/Kredyt-na-Innowacje-300x197.png\" class=\"attachment-medium size-medium wp-image-1530\" alt=\"\" srcset=\"https:\/\/priorconsulting.pl\/wp-content\/uploads\/2022\/10\/Kredyt-na-Innowacje-300x197.png 300w, https:\/\/priorconsulting.pl\/wp-content\/uploads\/2022\/10\/Kredyt-na-Innowacje.png 350w\" sizes=\"(max-width: 300px) 100vw, 300px\" \/><\/div>\n\t\t<\/a>\n\t\t\t\t<div class=\"elementor-post__text\">\n\t\t\t\t<h3 class=\"elementor-post__title\">\n\t\t\t<a href=\"https:\/\/priorconsulting.pl\/index.php\/2022\/10\/06\/kredyt-na-innowacje-technologiczne\/\" >\n\t\t\t\tKredyt na innowacje technologiczne\t\t\t<\/a>\n\t\t<\/h3>\n\t\t\t\t<div class=\"elementor-post__meta-data\">\n\t\t\t\t\t<span class=\"elementor-post-date\">\n\t\t\t6 pa\u017adziernika 2022\t\t<\/span>\n\t\t\t\t<span class=\"elementor-post-avatar\">\n\t\t\tBrak komentarzy\t\t<\/span>\n\t\t\t\t<\/div>\n\t\t\t\t<div class=\"elementor-post__excerpt\">\n\t\t\t<p>Kredyt na innowacj\u0119 technologiczne to program, kt\u00f3ry polega na udzielaniu przez Bank Gospodarstwa Krajowego premii technologicznej, czyli tzw. dotacji, kt\u00f3ra sp\u0142aca cz\u0119\u015b\u0107 kredytu technologicznego, zaci\u0105gni\u0119tego przez przedsi\u0119biorc\u0119 w banku komercyjnym na finansowanie wydatk\u00f3w inwestycyjnych.<\/p>\n\t\t<\/div>\n\t\t\n\t\t<a class=\"elementor-post__read-more\" href=\"https:\/\/priorconsulting.pl\/index.php\/2022\/10\/06\/kredyt-na-innowacje-technologiczne\/\" aria-label=\"Read more about Kredyt na innowacje technologiczne\" tabindex=\"-1\" >\n\t\t\tCzytaj wi\u0119cej \u00bb\t\t<\/a>\n\n\t\t\t\t<\/div>\n\t\t\t\t<\/article>\n\t\t\t\t<\/div>\n\t\t\n\t\t\t\t\t\t<\/div>\n\t\t\t\t<\/div>\n\t\t\t\t\t<\/div>\n\t\t<\/div>\n\t\t\t\t\t<\/div>\n\t\t<\/section>\n\t\t\t\t<\/div>\n\t\t","protected":false},"excerpt":{"rendered":"<p>Aktualno\u015bci<\/p>\n","protected":false},"author":1,"featured_media":0,"parent":0,"menu_order":0,"comment_status":"closed","ping_status":"closed","template":"","meta":{"inline_featured_image":false,"footnotes":""},"class_list":["post-329","page","type-page","status-publish","hentry"],"yoast_head":"<!-- This site is optimized with the Yoast SEO plugin v27.5 - https:\/\/yoast.com\/product\/yoast-seo-wordpress\/ -->\n<title>Aktualno\u015bci - priorconsulting<\/title>\n<meta name=\"robots\" content=\"index, follow, max-snippet:-1, max-image-preview:large, max-video-preview:-1\" \/>\n<link rel=\"canonical\" href=\"https:\/\/priorconsulting.pl\/index.php\/aktualnosci\/\" \/>\n<meta property=\"og:locale\" content=\"pl_PL\" \/>\n<meta property=\"og:type\" content=\"article\" \/>\n<meta property=\"og:title\" content=\"Aktualno\u015bci - priorconsulting\" \/>\n<meta property=\"og:description\" content=\"Aktualno\u015bci\" \/>\n<meta property=\"og:url\" content=\"https:\/\/priorconsulting.pl\/index.php\/aktualnosci\/\" \/>\n<meta property=\"og:site_name\" content=\"priorconsulting\" \/>\n<meta property=\"article:publisher\" content=\"https:\/\/www.facebook.com\/profile.php?id=100070094380174\" \/>\n<meta property=\"article:modified_time\" content=\"2022-10-11T09:44:04+00:00\" \/>\n<meta property=\"og:image\" content=\"https:\/\/priorconsulting.pl\/wp-content\/uploads\/2021\/07\/prior_logo_kolor_pion.png\" \/>\n\t<meta property=\"og:image:width\" content=\"1160\" \/>\n\t<meta property=\"og:image:height\" content=\"548\" \/>\n\t<meta property=\"og:image:type\" content=\"image\/png\" \/>\n<meta name=\"twitter:card\" content=\"summary_large_image\" \/>\n<meta name=\"twitter:label1\" content=\"Szacowany czas czytania\" \/>\n\t<meta name=\"twitter:data1\" content=\"4 minuty\" \/>\n<script type=\"application\/ld+json\" class=\"yoast-schema-graph\">{\"@context\":\"https:\\\/\\\/schema.org\",\"@graph\":[{\"@type\":\"WebPage\",\"@id\":\"https:\\\/\\\/priorconsulting.pl\\\/index.php\\\/aktualnosci\\\/\",\"url\":\"https:\\\/\\\/priorconsulting.pl\\\/index.php\\\/aktualnosci\\\/\",\"name\":\"Aktualno\u015bci - priorconsulting\",\"isPartOf\":{\"@id\":\"https:\\\/\\\/priorconsulting.pl\\\/#website\"},\"datePublished\":\"2021-06-09T17:55:17+00:00\",\"dateModified\":\"2022-10-11T09:44:04+00:00\",\"breadcrumb\":{\"@id\":\"https:\\\/\\\/priorconsulting.pl\\\/index.php\\\/aktualnosci\\\/#breadcrumb\"},\"inLanguage\":\"pl-PL\",\"potentialAction\":[{\"@type\":\"ReadAction\",\"target\":[\"https:\\\/\\\/priorconsulting.pl\\\/index.php\\\/aktualnosci\\\/\"]}]},{\"@type\":\"BreadcrumbList\",\"@id\":\"https:\\\/\\\/priorconsulting.pl\\\/index.php\\\/aktualnosci\\\/#breadcrumb\",\"itemListElement\":[{\"@type\":\"ListItem\",\"position\":1,\"name\":\"Strona g\u0142\u00f3wna\",\"item\":\"https:\\\/\\\/priorconsulting.pl\\\/\"},{\"@type\":\"ListItem\",\"position\":2,\"name\":\"Aktualno\u015bci\"}]},{\"@type\":\"WebSite\",\"@id\":\"https:\\\/\\\/priorconsulting.pl\\\/#website\",\"url\":\"https:\\\/\\\/priorconsulting.pl\\\/\",\"name\":\"priorconsulting\",\"description\":\"Dotacje, strategie, analizy\",\"publisher\":{\"@id\":\"https:\\\/\\\/priorconsulting.pl\\\/#organization\"},\"alternateName\":\"PriorConsulting dotacje, fundusze unijne Koszalin\",\"potentialAction\":[{\"@type\":\"SearchAction\",\"target\":{\"@type\":\"EntryPoint\",\"urlTemplate\":\"https:\\\/\\\/priorconsulting.pl\\\/?s={search_term_string}\"},\"query-input\":{\"@type\":\"PropertyValueSpecification\",\"valueRequired\":true,\"valueName\":\"search_term_string\"}}],\"inLanguage\":\"pl-PL\"},{\"@type\":\"Organization\",\"@id\":\"https:\\\/\\\/priorconsulting.pl\\\/#organization\",\"name\":\"priorconsulting\",\"url\":\"https:\\\/\\\/priorconsulting.pl\\\/\",\"logo\":{\"@type\":\"ImageObject\",\"inLanguage\":\"pl-PL\",\"@id\":\"https:\\\/\\\/priorconsulting.pl\\\/#\\\/schema\\\/logo\\\/image\\\/\",\"url\":\"https:\\\/\\\/priorconsulting.pl\\\/wp-content\\\/uploads\\\/2021\\\/05\\\/logo-proba-2.png\",\"contentUrl\":\"https:\\\/\\\/priorconsulting.pl\\\/wp-content\\\/uploads\\\/2021\\\/05\\\/logo-proba-2.png\",\"width\":445,\"height\":195,\"caption\":\"priorconsulting\"},\"image\":{\"@id\":\"https:\\\/\\\/priorconsulting.pl\\\/#\\\/schema\\\/logo\\\/image\\\/\"},\"sameAs\":[\"https:\\\/\\\/www.facebook.com\\\/profile.php?id=100070094380174\"]}]}<\/script>\n<!-- \/ Yoast SEO plugin. -->","yoast_head_json":{"title":"Aktualno\u015bci - priorconsulting","robots":{"index":"index","follow":"follow","max-snippet":"max-snippet:-1","max-image-preview":"max-image-preview:large","max-video-preview":"max-video-preview:-1"},"canonical":"https:\/\/priorconsulting.pl\/index.php\/aktualnosci\/","og_locale":"pl_PL","og_type":"article","og_title":"Aktualno\u015bci - priorconsulting","og_description":"Aktualno\u015bci","og_url":"https:\/\/priorconsulting.pl\/index.php\/aktualnosci\/","og_site_name":"priorconsulting","article_publisher":"https:\/\/www.facebook.com\/profile.php?id=100070094380174","article_modified_time":"2022-10-11T09:44:04+00:00","og_image":[{"width":1160,"height":548,"url":"https:\/\/priorconsulting.pl\/wp-content\/uploads\/2021\/07\/prior_logo_kolor_pion.png","type":"image\/png"}],"twitter_card":"summary_large_image","twitter_misc":{"Szacowany czas czytania":"4 minuty"},"schema":{"@context":"https:\/\/schema.org","@graph":[{"@type":"WebPage","@id":"https:\/\/priorconsulting.pl\/index.php\/aktualnosci\/","url":"https:\/\/priorconsulting.pl\/index.php\/aktualnosci\/","name":"Aktualno\u015bci - priorconsulting","isPartOf":{"@id":"https:\/\/priorconsulting.pl\/#website"},"datePublished":"2021-06-09T17:55:17+00:00","dateModified":"2022-10-11T09:44:04+00:00","breadcrumb":{"@id":"https:\/\/priorconsulting.pl\/index.php\/aktualnosci\/#breadcrumb"},"inLanguage":"pl-PL","potentialAction":[{"@type":"ReadAction","target":["https:\/\/priorconsulting.pl\/index.php\/aktualnosci\/"]}]},{"@type":"BreadcrumbList","@id":"https:\/\/priorconsulting.pl\/index.php\/aktualnosci\/#breadcrumb","itemListElement":[{"@type":"ListItem","position":1,"name":"Strona g\u0142\u00f3wna","item":"https:\/\/priorconsulting.pl\/"},{"@type":"ListItem","position":2,"name":"Aktualno\u015bci"}]},{"@type":"WebSite","@id":"https:\/\/priorconsulting.pl\/#website","url":"https:\/\/priorconsulting.pl\/","name":"priorconsulting","description":"Dotacje, strategie, analizy","publisher":{"@id":"https:\/\/priorconsulting.pl\/#organization"},"alternateName":"PriorConsulting dotacje, fundusze unijne Koszalin","potentialAction":[{"@type":"SearchAction","target":{"@type":"EntryPoint","urlTemplate":"https:\/\/priorconsulting.pl\/?s={search_term_string}"},"query-input":{"@type":"PropertyValueSpecification","valueRequired":true,"valueName":"search_term_string"}}],"inLanguage":"pl-PL"},{"@type":"Organization","@id":"https:\/\/priorconsulting.pl\/#organization","name":"priorconsulting","url":"https:\/\/priorconsulting.pl\/","logo":{"@type":"ImageObject","inLanguage":"pl-PL","@id":"https:\/\/priorconsulting.pl\/#\/schema\/logo\/image\/","url":"https:\/\/priorconsulting.pl\/wp-content\/uploads\/2021\/05\/logo-proba-2.png","contentUrl":"https:\/\/priorconsulting.pl\/wp-content\/uploads\/2021\/05\/logo-proba-2.png","width":445,"height":195,"caption":"priorconsulting"},"image":{"@id":"https:\/\/priorconsulting.pl\/#\/schema\/logo\/image\/"},"sameAs":["https:\/\/www.facebook.com\/profile.php?id=100070094380174"]}]}},"_links":{"self":[{"href":"https:\/\/priorconsulting.pl\/index.php\/wp-json\/wp\/v2\/pages\/329","targetHints":{"allow":["GET"]}}],"collection":[{"href":"https:\/\/priorconsulting.pl\/index.php\/wp-json\/wp\/v2\/pages"}],"about":[{"href":"https:\/\/priorconsulting.pl\/index.php\/wp-json\/wp\/v2\/types\/page"}],"author":[{"embeddable":true,"href":"https:\/\/priorconsulting.pl\/index.php\/wp-json\/wp\/v2\/users\/1"}],"replies":[{"embeddable":true,"href":"https:\/\/priorconsulting.pl\/index.php\/wp-json\/wp\/v2\/comments?post=329"}],"version-history":[{"count":43,"href":"https:\/\/priorconsulting.pl\/index.php\/wp-json\/wp\/v2\/pages\/329\/revisions"}],"predecessor-version":[{"id":1591,"href":"https:\/\/priorconsulting.pl\/index.php\/wp-json\/wp\/v2\/pages\/329\/revisions\/1591"}],"wp:attachment":[{"href":"https:\/\/priorconsulting.pl\/index.php\/wp-json\/wp\/v2\/media?parent=329"}],"curies":[{"name":"wp","href":"https:\/\/api.w.org\/{rel}","templated":true}]}}