{"id":192,"date":"2021-05-12T21:06:12","date_gmt":"2021-05-12T19:06:12","guid":{"rendered":"http:\/\/priorconsulting.pl\/?page_id=192"},"modified":"2023-10-05T15:31:23","modified_gmt":"2023-10-05T13:31:23","slug":"strategie","status":"publish","type":"page","link":"https:\/\/priorconsulting.pl\/index.php\/strategie\/","title":{"rendered":"Strategie"},"content":{"rendered":"\t\t<div data-elementor-type=\"wp-page\" data-elementor-id=\"192\" class=\"elementor elementor-192\" data-elementor-post-type=\"page\">\n\t\t\t\t\t\t<section class=\"elementor-section elementor-top-section elementor-element elementor-element-bb225ac elementor-section-height-min-height elementor-section-boxed elementor-section-height-default elementor-section-items-middle\" data-id=\"bb225ac\" data-element_type=\"section\" data-e-type=\"section\" data-settings=\"{&quot;background_background&quot;:&quot;classic&quot;,&quot;animation&quot;:&quot;none&quot;}\">\n\t\t\t\t\t\t\t<div class=\"elementor-background-overlay\"><\/div>\n\t\t\t\t\t\t\t<div class=\"elementor-container elementor-column-gap-default\">\n\t\t\t\t\t<div class=\"elementor-column elementor-col-100 elementor-top-column elementor-element elementor-element-a190321\" data-id=\"a190321\" data-element_type=\"column\" data-e-type=\"column\">\n\t\t\t<div class=\"elementor-widget-wrap elementor-element-populated\">\n\t\t\t\t\t\t<div class=\"elementor-element elementor-element-5c58948 elementor-headline--style-rotate elementor-widget elementor-widget-animated-headline\" data-id=\"5c58948\" data-element_type=\"widget\" data-e-type=\"widget\" data-settings=\"{&quot;headline_style&quot;:&quot;rotate&quot;,&quot;animation_type&quot;:&quot;slide&quot;,&quot;rotating_text&quot;:&quot;Maj\\u0105 na celu &lt;br&gt;adaptacj\\u0119 firmy &lt;br&gt;oraz jej dzia\\u0142a\\u0144 &lt;br&gt;do zmieniaj\\u0105cych &lt;br&gt;si\\u0119 warunk\\u00f3w rynkowych\\nDostarczymy &lt;br&gt;odpowiedzi na kluczowe pytania&lt;br&gt;- W jakim kierunku rozwija\\u0107 firm\\u0119? &quot;,&quot;rotate_iteration_delay&quot;:5000,&quot;loop&quot;:&quot;yes&quot;}\" data-widget_type=\"animated-headline.default\">\n\t\t\t\t<div class=\"elementor-widget-container\">\n\t\t\t\t\t\t\t<h2 class=\"elementor-headline elementor-headline-animation-type-slide\">\n\t\t\t\t\t<span class=\"elementor-headline-plain-text elementor-headline-text-wrapper\">Strategie<br><\/span>\n\t\t\t\t<span class=\"elementor-headline-dynamic-wrapper elementor-headline-text-wrapper\">\n\t\t\t\t\t<span class=\"elementor-headline-dynamic-text elementor-headline-text-active\">\n\t\t\t\tMaj\u0105&nbsp;na&nbsp;celu&nbsp;<br>adaptacj\u0119&nbsp;firmy&nbsp;<br>oraz&nbsp;jej&nbsp;dzia\u0142a\u0144&nbsp;<br>do&nbsp;zmieniaj\u0105cych&nbsp;<br>si\u0119&nbsp;warunk\u00f3w&nbsp;rynkowych\t\t\t<\/span>\n\t\t\t\t\t<span class=\"elementor-headline-dynamic-text\">\n\t\t\t\tDostarczymy&nbsp;<br>odpowiedzi&nbsp;na&nbsp;kluczowe&nbsp;pytania<br>-&nbsp;W&nbsp;jakim&nbsp;kierunku&nbsp;rozwija\u0107&nbsp;firm\u0119?&nbsp;\t\t\t<\/span>\n\t\t\t\t\t\t<\/span>\n\t\t\t\t<\/h2>\n\t\t\t\t\t\t<\/div>\n\t\t\t\t<\/div>\n\t\t\t\t\t<\/div>\n\t\t<\/div>\n\t\t\t\t\t<\/div>\n\t\t<\/section>\n\t\t\t\t<section class=\"elementor-section elementor-top-section elementor-element elementor-element-336ab21 elementor-section-content-middle elementor-section-boxed elementor-section-height-default elementor-section-height-default\" data-id=\"336ab21\" data-element_type=\"section\" data-e-type=\"section\">\n\t\t\t\t\t\t<div class=\"elementor-container elementor-column-gap-no\">\n\t\t\t\t\t<div class=\"elementor-column elementor-col-50 elementor-top-column elementor-element elementor-element-0e4e4a5\" data-id=\"0e4e4a5\" data-element_type=\"column\" data-e-type=\"column\">\n\t\t\t<div class=\"elementor-widget-wrap elementor-element-populated\">\n\t\t\t\t\t\t<div class=\"elementor-element elementor-element-de9483c elementor-widget-divider--view-line elementor-widget elementor-widget-divider\" data-id=\"de9483c\" data-element_type=\"widget\" data-e-type=\"widget\" data-widget_type=\"divider.default\">\n\t\t\t\t<div class=\"elementor-widget-container\">\n\t\t\t\t\t\t\t<div class=\"elementor-divider\">\n\t\t\t<span class=\"elementor-divider-separator\">\n\t\t\t\t\t\t<\/span>\n\t\t<\/div>\n\t\t\t\t\t\t<\/div>\n\t\t\t\t<\/div>\n\t\t\t\t\t<\/div>\n\t\t<\/div>\n\t\t\t\t<div class=\"elementor-column elementor-col-50 elementor-top-column elementor-element elementor-element-f4c5044\" data-id=\"f4c5044\" data-element_type=\"column\" data-e-type=\"column\">\n\t\t\t<div class=\"elementor-widget-wrap elementor-element-populated\">\n\t\t\t\t\t\t<div class=\"elementor-element elementor-element-3c6f542 elementor-widget elementor-widget-heading\" data-id=\"3c6f542\" data-element_type=\"widget\" data-e-type=\"widget\" data-widget_type=\"heading.default\">\n\t\t\t\t<div class=\"elementor-widget-container\">\n\t\t\t\t\t<h5 class=\"elementor-heading-title elementor-size-default\">oferta<\/h5>\t\t\t\t<\/div>\n\t\t\t\t<\/div>\n\t\t\t\t<div class=\"elementor-element elementor-element-c101321 elementor-widget elementor-widget-heading\" data-id=\"c101321\" data-element_type=\"widget\" data-e-type=\"widget\" data-widget_type=\"heading.default\">\n\t\t\t\t<div class=\"elementor-widget-container\">\n\t\t\t\t\t<h1 class=\"elementor-heading-title elementor-size-default\">Strategie <\/h1>\t\t\t\t<\/div>\n\t\t\t\t<\/div>\n\t\t\t\t<div class=\"elementor-element elementor-element-c17d107 elementor-widget elementor-widget-text-editor\" data-id=\"c17d107\" data-element_type=\"widget\" data-e-type=\"widget\" data-widget_type=\"text-editor.default\">\n\t\t\t\t<div class=\"elementor-widget-container\">\n\t\t\t\t\t\t\t\t\t<p>W obliczu dzisiejszych wyzwa\u0144 firmy potrzebuj\u0105 kompleksowej transformacji wspartej rozwi\u0105zaniami technologicznymi.<\/p><p>Wymaga to zar\u00f3wno opracowania strategii, jak i kompleksowego wdro\u017cenia. Dok\u0142adnie tak doradzamy naszym klientom. Opracowujemy nowe us\u0142ugi oraz inteligentne modele biznesowe. \u0141\u0105czymy wiedz\u0119 z zakresu strategii, technologii i doradztwa w zakresie zarz\u0105dzania, pomagaj\u0105c organizacjom odnie\u015b\u0107 sukces.<\/p><p>Zajmujemy si\u0119 tworzeniem strategii biznesowych przedsi\u0119biorstw, w\u00a0celu sprecyzowania ich d\u0142ugofalowych cel\u00f3w oraz doboru optymalnych kierunk\u00f3w dzia\u0142ania.<\/p><p>W ramach podejmowanych zada\u0144, planujemy dzia\u0142ania niezb\u0119dne do\u00a0rozwoju firm, pozyskiwania nowych kontrahent\u00f3w, wykonujemy kampanie marketingowe itp.<\/p><p>Szczeg\u00f3\u0142owej analizie poddajemy aktualny stan przedsi\u0119biorstwa, a\u00a0w\u00a0 efekcie wprowadzamy niezb\u0119dne modyfikacje w\u00a0zakresie alokowania zasob\u00f3w.<\/p><p>Diagnozujemy s\u0142abe strony i\u00a0mo\u017cliwo\u015bci firmy, monitorujemy r\u00f3wnie\u017c jego otoczenie (konkurencj\u0119 i\u00a0rynek). Doradzamy tak\u017ce w\u00a0zakresie tworzenia optymalnego zestawu procedur i\u00a0schematu organizacji.<\/p><p>Ca\u0142o\u015b\u0107 zaplanowanych dzia\u0142a\u0144 poddajemy szczeg\u00f3\u0142owej analizie finansowej. Pozwala ona uzyska\u0107 odpowied\u017a nt. op\u0142acalno\u015bci sugerowanych przedsi\u0119wzi\u0119\u0107, jak r\u00f3wnie\u017c ich wp\u0142ywu na\u00a0og\u00f3ln\u0105 kondycj\u0119 finansow\u0105 (w\u00a0prostszych s\u0142owach, odpowiadamy na\u00a0pytanie czy firm\u0119 sta\u0107 na\u00a0rozw\u00f3j).<\/p><p>Na ka\u017cdym etapie prac dok\u0142adamy wszelkich stara\u0144, by\u00a0opracowane materia\u0142y stanowi\u0142y zestaw praktycznych i\u00a0u\u017cytecznych wskaz\u00f3wek dla klient\u00f3w, wspomagaj\u0105cych podejmowanie decyzji w\u00a0nawet najbardziej zmiennym otoczeniu rynkowym.<\/p>\t\t\t\t\t\t\t\t<\/div>\n\t\t\t\t<\/div>\n\t\t\t\t\t<\/div>\n\t\t<\/div>\n\t\t\t\t\t<\/div>\n\t\t<\/section>\n\t\t\t\t<section class=\"elementor-section elementor-top-section elementor-element elementor-element-286c6aa elementor-section-content-middle elementor-section-boxed elementor-section-height-default elementor-section-height-default\" data-id=\"286c6aa\" data-element_type=\"section\" data-e-type=\"section\" data-settings=\"{&quot;background_background&quot;:&quot;classic&quot;}\">\n\t\t\t\t\t\t<div class=\"elementor-container elementor-column-gap-no\">\n\t\t\t\t\t<div class=\"elementor-column elementor-col-50 elementor-top-column elementor-element elementor-element-de1e9b0\" data-id=\"de1e9b0\" data-element_type=\"column\" data-e-type=\"column\">\n\t\t\t<div class=\"elementor-widget-wrap elementor-element-populated\">\n\t\t\t\t\t\t<div class=\"elementor-element elementor-element-5e9e4b5 elementor-widget elementor-widget-heading\" data-id=\"5e9e4b5\" data-element_type=\"widget\" data-e-type=\"widget\" data-widget_type=\"heading.default\">\n\t\t\t\t<div class=\"elementor-widget-container\">\n\t\t\t\t\t<h2 class=\"elementor-heading-title elementor-size-default\">strategie<\/h2>\t\t\t\t<\/div>\n\t\t\t\t<\/div>\n\t\t\t\t<div class=\"elementor-element elementor-element-6490a7c elementor-widget elementor-widget-heading\" data-id=\"6490a7c\" data-element_type=\"widget\" data-e-type=\"widget\" data-widget_type=\"heading.default\">\n\t\t\t\t<div class=\"elementor-widget-container\">\n\t\t\t\t\t<h4 class=\"elementor-heading-title elementor-size-default\">Nasza oferta:<\/h4>\t\t\t\t<\/div>\n\t\t\t\t<\/div>\n\t\t\t\t<div class=\"elementor-element elementor-element-6c0af2a elementor-widget elementor-widget-text-editor\" data-id=\"6c0af2a\" data-element_type=\"widget\" data-e-type=\"widget\" data-widget_type=\"text-editor.default\">\n\t\t\t\t<div class=\"elementor-widget-container\">\n\t\t\t\t\t\t\t\t\t<p class=\"gmail-text-align-justify\">Strategia przedsi\u0119biorstwa jest podstaw\u0105 do osi\u0105gni\u0119cia sukces\u00f3w w d\u0142ugim terminie. Us\u0142ugi Prior Consulting Sp. z o.o. w zakresie\u00a0<strong>Doradztwa Strategicznego<\/strong>\u00a0skierowane s\u0105 na okre\u015blenie\u00a0 efektywnej drogi rozwoju przedsi\u0119biorstw, nakierowanej na wzrost warto\u015bci firmy oraz osi\u0105gni\u0119cie stawianych jej cel\u00f3w. Pomagamy naszym Klientom w procesie identyfikacji najlepszych mo\u017cliwo\u015bci rozwoju, zar\u00f3wno opracowujemy plany, strategie, jak te\u017c je wdra\u017camy.<\/p><p class=\"gmail-text-align-justify\">Podchodzimy do ka\u017cdego Klienta indywidualnie, rozwi\u0105zania kt\u00f3re oferujemy dostosowane s\u0105 do problem\u00f3w i wyzwa\u0144 stoj\u0105cych przed konkretnym przedsi\u0119biorstwem.<\/p><p><strong>Nasz wyspecjalizowany zesp\u00f3\u0142 pomo\u017ce Pa\u0144stwu:<\/strong><\/p><ul><li>Przeprowadzi\u0107 audyt organizacyjny;<\/li><li>Zdefiniowa\u0107 docelowe segmenty rynku;<\/li><li>Okre\u015bli\u0107 kluczowe czynniki gwarantuj\u0105ce sukces i map\u0119 ryzyk;<\/li><li>Opracowa\u0107 now\u0105 ofert\u0119 produkt\u00f3w i us\u0142ug na podstawie analizy potrzeb klient\u00f3w;<\/li><li>Przygotowa\u0107 strategi\u0119 konkurencji, by skutecznie wykorzystywa\u0107 przewagi firmy;<\/li><li>Okre\u015bli\u0107 maj\u0105tek, kapita\u0142 i zasoby ludzkie niezb\u0119dne w nowym modelu biznesowym;<\/li><li>Wdro\u017cy\u0107 now\u0105 strategi\u0119 rozwoju firmy;<\/li><li>Zdefiniowa\u0107 misj\u0119, wizj\u0119 i warto\u015bci firmy;<\/li><li>Zdefiniowa\u0107 d\u017awignie wzrostu przedsi\u0119biorstwa;<\/li><li>Zdefiniowa\u0107 cele strategiczne i skaskadowa\u0107 je do poziomu operacyjnego;<\/li><li>Stworzy\u0107 analiz\u0119 SWOT przedsi\u0119biorstwa;<\/li><li>Zdefiniowa\u0107 projekty usprawniaj\u0105ce na bazie audytu organizacyjnego i analizy SWOT;<\/li><li>Stworzy\u0107 nowy, bardziej efektywny model biznesowy;<\/li><li>Stworzy\u0107 struktur\u0119 organizacyjn\u0105 pod nowy model biznesowy;<\/li><li>Wybra\u0107 narz\u0119dzia do pracy w nowej strukturze i w oparciu o now\u0105 strategi\u0119;<\/li><li>Stworzy\u0107 projekt zmiany kultury organizacyjnej.<\/li><\/ul><p><br \/><br \/><\/p>\t\t\t\t\t\t\t\t<\/div>\n\t\t\t\t<\/div>\n\t\t\t\t\t<\/div>\n\t\t<\/div>\n\t\t\t\t<div class=\"elementor-column elementor-col-50 elementor-top-column elementor-element elementor-element-8ad6f70\" data-id=\"8ad6f70\" data-element_type=\"column\" data-e-type=\"column\">\n\t\t\t<div class=\"elementor-widget-wrap elementor-element-populated\">\n\t\t\t\t\t\t<div class=\"elementor-element elementor-element-e9f1b41 elementor-widget-divider--view-line elementor-widget elementor-widget-divider\" data-id=\"e9f1b41\" data-element_type=\"widget\" data-e-type=\"widget\" data-widget_type=\"divider.default\">\n\t\t\t\t<div class=\"elementor-widget-container\">\n\t\t\t\t\t\t\t<div class=\"elementor-divider\">\n\t\t\t<span class=\"elementor-divider-separator\">\n\t\t\t\t\t\t<\/span>\n\t\t<\/div>\n\t\t\t\t\t\t<\/div>\n\t\t\t\t<\/div>\n\t\t\t\t\t<\/div>\n\t\t<\/div>\n\t\t\t\t\t<\/div>\n\t\t<\/section>\n\t\t\t\t<\/div>\n\t\t","protected":false},"excerpt":{"rendered":"<p>Strategie Maj\u0105&nbsp;na&nbsp;celu&nbsp; adaptacj\u0119&nbsp;firmy&nbsp; oraz&nbsp;jej&nbsp;dzia\u0142a\u0144&nbsp; do&nbsp;zmieniaj\u0105cych&nbsp; si\u0119&nbsp;warunk\u00f3w&nbsp;rynkowych Dostarczymy&nbsp; odpowiedzi&nbsp;na&nbsp;kluczowe&nbsp;pytania &#8211;&nbsp;W&nbsp;jakim&nbsp;kierunku&nbsp;rozwija\u0107&nbsp;firm\u0119?&nbsp; oferta Strategie W obliczu dzisiejszych wyzwa\u0144 firmy potrzebuj\u0105 kompleksowej transformacji wspartej rozwi\u0105zaniami technologicznymi. Wymaga to zar\u00f3wno opracowania strategii, jak i kompleksowego wdro\u017cenia. Dok\u0142adnie tak doradzamy naszym klientom. Opracowujemy nowe us\u0142ugi oraz inteligentne modele biznesowe. \u0141\u0105czymy wiedz\u0119 z zakresu strategii, technologii i doradztwa w zakresie zarz\u0105dzania, pomagaj\u0105c [&hellip;]<\/p>\n","protected":false},"author":1,"featured_media":0,"parent":0,"menu_order":0,"comment_status":"closed","ping_status":"closed","template":"","meta":{"inline_featured_image":false,"footnotes":""},"class_list":["post-192","page","type-page","status-publish","hentry"],"yoast_head":"<!-- This site is optimized with the Yoast SEO plugin v27.5 - https:\/\/yoast.com\/product\/yoast-seo-wordpress\/ -->\n<title>Strategie - priorconsulting<\/title>\n<meta name=\"description\" content=\"Zajmujemy si\u0119 tworzeniem strategii biznesowych przedsi\u0119biorstw, w\u00a0celu sprecyzowania ich d\u0142ugofalowych cel\u00f3w oraz doboru optymalnych kierunk\u00f3w dzia\u0142ania. Szczeg\u00f3\u0142owej analizie poddajemy aktualny stan przedsi\u0119biorstwa, a\u00a0w\u00a0 efekcie wprowadzamy niezb\u0119dne modyfikacje w\u00a0zakresie alokowania zasob\u00f3w.\" \/>\n<meta name=\"robots\" content=\"index, follow, max-snippet:-1, max-image-preview:large, max-video-preview:-1\" \/>\n<link rel=\"canonical\" href=\"https:\/\/priorconsulting.pl\/index.php\/strategie\/\" \/>\n<meta property=\"og:locale\" content=\"pl_PL\" \/>\n<meta property=\"og:type\" content=\"article\" \/>\n<meta property=\"og:title\" content=\"Strategie - priorconsulting\" \/>\n<meta property=\"og:description\" content=\"Zajmujemy si\u0119 tworzeniem strategii biznesowych przedsi\u0119biorstw, w\u00a0celu sprecyzowania ich d\u0142ugofalowych cel\u00f3w oraz doboru optymalnych kierunk\u00f3w dzia\u0142ania. Szczeg\u00f3\u0142owej analizie poddajemy aktualny stan przedsi\u0119biorstwa, a\u00a0w\u00a0 efekcie wprowadzamy niezb\u0119dne modyfikacje w\u00a0zakresie alokowania zasob\u00f3w.\" \/>\n<meta property=\"og:url\" content=\"https:\/\/priorconsulting.pl\/index.php\/strategie\/\" \/>\n<meta property=\"og:site_name\" content=\"priorconsulting\" \/>\n<meta property=\"article:publisher\" content=\"https:\/\/www.facebook.com\/profile.php?id=100070094380174\" \/>\n<meta property=\"article:modified_time\" content=\"2023-10-05T13:31:23+00:00\" \/>\n<meta property=\"og:image\" content=\"https:\/\/priorconsulting.pl\/wp-content\/uploads\/2021\/07\/prior_logo_kolor_pion.png\" \/>\n\t<meta property=\"og:image:width\" content=\"1160\" \/>\n\t<meta property=\"og:image:height\" content=\"548\" \/>\n\t<meta property=\"og:image:type\" content=\"image\/png\" \/>\n<meta name=\"twitter:card\" content=\"summary_large_image\" \/>\n<meta name=\"twitter:label1\" content=\"Szacowany czas czytania\" \/>\n\t<meta name=\"twitter:data1\" content=\"3 minuty\" \/>\n<script type=\"application\/ld+json\" class=\"yoast-schema-graph\">{\"@context\":\"https:\\\/\\\/schema.org\",\"@graph\":[{\"@type\":\"WebPage\",\"@id\":\"https:\\\/\\\/priorconsulting.pl\\\/index.php\\\/strategie\\\/\",\"url\":\"https:\\\/\\\/priorconsulting.pl\\\/index.php\\\/strategie\\\/\",\"name\":\"Strategie - priorconsulting\",\"isPartOf\":{\"@id\":\"https:\\\/\\\/priorconsulting.pl\\\/#website\"},\"datePublished\":\"2021-05-12T19:06:12+00:00\",\"dateModified\":\"2023-10-05T13:31:23+00:00\",\"description\":\"Zajmujemy si\u0119 tworzeniem strategii biznesowych przedsi\u0119biorstw, w\u00a0celu sprecyzowania ich d\u0142ugofalowych cel\u00f3w oraz doboru optymalnych kierunk\u00f3w dzia\u0142ania. Szczeg\u00f3\u0142owej analizie poddajemy aktualny stan przedsi\u0119biorstwa, a\u00a0w\u00a0 efekcie wprowadzamy niezb\u0119dne modyfikacje w\u00a0zakresie alokowania zasob\u00f3w.\",\"breadcrumb\":{\"@id\":\"https:\\\/\\\/priorconsulting.pl\\\/index.php\\\/strategie\\\/#breadcrumb\"},\"inLanguage\":\"pl-PL\",\"potentialAction\":[{\"@type\":\"ReadAction\",\"target\":[\"https:\\\/\\\/priorconsulting.pl\\\/index.php\\\/strategie\\\/\"]}]},{\"@type\":\"BreadcrumbList\",\"@id\":\"https:\\\/\\\/priorconsulting.pl\\\/index.php\\\/strategie\\\/#breadcrumb\",\"itemListElement\":[{\"@type\":\"ListItem\",\"position\":1,\"name\":\"Strona g\u0142\u00f3wna\",\"item\":\"https:\\\/\\\/priorconsulting.pl\\\/\"},{\"@type\":\"ListItem\",\"position\":2,\"name\":\"Strategie\"}]},{\"@type\":\"WebSite\",\"@id\":\"https:\\\/\\\/priorconsulting.pl\\\/#website\",\"url\":\"https:\\\/\\\/priorconsulting.pl\\\/\",\"name\":\"priorconsulting\",\"description\":\"Dotacje, strategie, analizy\",\"publisher\":{\"@id\":\"https:\\\/\\\/priorconsulting.pl\\\/#organization\"},\"alternateName\":\"PriorConsulting dotacje, fundusze unijne Koszalin\",\"potentialAction\":[{\"@type\":\"SearchAction\",\"target\":{\"@type\":\"EntryPoint\",\"urlTemplate\":\"https:\\\/\\\/priorconsulting.pl\\\/?s={search_term_string}\"},\"query-input\":{\"@type\":\"PropertyValueSpecification\",\"valueRequired\":true,\"valueName\":\"search_term_string\"}}],\"inLanguage\":\"pl-PL\"},{\"@type\":\"Organization\",\"@id\":\"https:\\\/\\\/priorconsulting.pl\\\/#organization\",\"name\":\"priorconsulting\",\"url\":\"https:\\\/\\\/priorconsulting.pl\\\/\",\"logo\":{\"@type\":\"ImageObject\",\"inLanguage\":\"pl-PL\",\"@id\":\"https:\\\/\\\/priorconsulting.pl\\\/#\\\/schema\\\/logo\\\/image\\\/\",\"url\":\"https:\\\/\\\/priorconsulting.pl\\\/wp-content\\\/uploads\\\/2021\\\/05\\\/logo-proba-2.png\",\"contentUrl\":\"https:\\\/\\\/priorconsulting.pl\\\/wp-content\\\/uploads\\\/2021\\\/05\\\/logo-proba-2.png\",\"width\":445,\"height\":195,\"caption\":\"priorconsulting\"},\"image\":{\"@id\":\"https:\\\/\\\/priorconsulting.pl\\\/#\\\/schema\\\/logo\\\/image\\\/\"},\"sameAs\":[\"https:\\\/\\\/www.facebook.com\\\/profile.php?id=100070094380174\"]}]}<\/script>\n<!-- \/ Yoast SEO plugin. -->","yoast_head_json":{"title":"Strategie - priorconsulting","description":"Zajmujemy si\u0119 tworzeniem strategii biznesowych przedsi\u0119biorstw, w\u00a0celu sprecyzowania ich d\u0142ugofalowych cel\u00f3w oraz doboru optymalnych kierunk\u00f3w dzia\u0142ania. Szczeg\u00f3\u0142owej analizie poddajemy aktualny stan przedsi\u0119biorstwa, a\u00a0w\u00a0 efekcie wprowadzamy niezb\u0119dne modyfikacje w\u00a0zakresie alokowania zasob\u00f3w.","robots":{"index":"index","follow":"follow","max-snippet":"max-snippet:-1","max-image-preview":"max-image-preview:large","max-video-preview":"max-video-preview:-1"},"canonical":"https:\/\/priorconsulting.pl\/index.php\/strategie\/","og_locale":"pl_PL","og_type":"article","og_title":"Strategie - priorconsulting","og_description":"Zajmujemy si\u0119 tworzeniem strategii biznesowych przedsi\u0119biorstw, w\u00a0celu sprecyzowania ich d\u0142ugofalowych cel\u00f3w oraz doboru optymalnych kierunk\u00f3w dzia\u0142ania. Szczeg\u00f3\u0142owej analizie poddajemy aktualny stan przedsi\u0119biorstwa, a\u00a0w\u00a0 efekcie wprowadzamy niezb\u0119dne modyfikacje w\u00a0zakresie alokowania zasob\u00f3w.","og_url":"https:\/\/priorconsulting.pl\/index.php\/strategie\/","og_site_name":"priorconsulting","article_publisher":"https:\/\/www.facebook.com\/profile.php?id=100070094380174","article_modified_time":"2023-10-05T13:31:23+00:00","og_image":[{"width":1160,"height":548,"url":"https:\/\/priorconsulting.pl\/wp-content\/uploads\/2021\/07\/prior_logo_kolor_pion.png","type":"image\/png"}],"twitter_card":"summary_large_image","twitter_misc":{"Szacowany czas czytania":"3 minuty"},"schema":{"@context":"https:\/\/schema.org","@graph":[{"@type":"WebPage","@id":"https:\/\/priorconsulting.pl\/index.php\/strategie\/","url":"https:\/\/priorconsulting.pl\/index.php\/strategie\/","name":"Strategie - priorconsulting","isPartOf":{"@id":"https:\/\/priorconsulting.pl\/#website"},"datePublished":"2021-05-12T19:06:12+00:00","dateModified":"2023-10-05T13:31:23+00:00","description":"Zajmujemy si\u0119 tworzeniem strategii biznesowych przedsi\u0119biorstw, w\u00a0celu sprecyzowania ich d\u0142ugofalowych cel\u00f3w oraz doboru optymalnych kierunk\u00f3w dzia\u0142ania. Szczeg\u00f3\u0142owej analizie poddajemy aktualny stan przedsi\u0119biorstwa, a\u00a0w\u00a0 efekcie wprowadzamy niezb\u0119dne modyfikacje w\u00a0zakresie alokowania zasob\u00f3w.","breadcrumb":{"@id":"https:\/\/priorconsulting.pl\/index.php\/strategie\/#breadcrumb"},"inLanguage":"pl-PL","potentialAction":[{"@type":"ReadAction","target":["https:\/\/priorconsulting.pl\/index.php\/strategie\/"]}]},{"@type":"BreadcrumbList","@id":"https:\/\/priorconsulting.pl\/index.php\/strategie\/#breadcrumb","itemListElement":[{"@type":"ListItem","position":1,"name":"Strona g\u0142\u00f3wna","item":"https:\/\/priorconsulting.pl\/"},{"@type":"ListItem","position":2,"name":"Strategie"}]},{"@type":"WebSite","@id":"https:\/\/priorconsulting.pl\/#website","url":"https:\/\/priorconsulting.pl\/","name":"priorconsulting","description":"Dotacje, strategie, analizy","publisher":{"@id":"https:\/\/priorconsulting.pl\/#organization"},"alternateName":"PriorConsulting dotacje, fundusze unijne Koszalin","potentialAction":[{"@type":"SearchAction","target":{"@type":"EntryPoint","urlTemplate":"https:\/\/priorconsulting.pl\/?s={search_term_string}"},"query-input":{"@type":"PropertyValueSpecification","valueRequired":true,"valueName":"search_term_string"}}],"inLanguage":"pl-PL"},{"@type":"Organization","@id":"https:\/\/priorconsulting.pl\/#organization","name":"priorconsulting","url":"https:\/\/priorconsulting.pl\/","logo":{"@type":"ImageObject","inLanguage":"pl-PL","@id":"https:\/\/priorconsulting.pl\/#\/schema\/logo\/image\/","url":"https:\/\/priorconsulting.pl\/wp-content\/uploads\/2021\/05\/logo-proba-2.png","contentUrl":"https:\/\/priorconsulting.pl\/wp-content\/uploads\/2021\/05\/logo-proba-2.png","width":445,"height":195,"caption":"priorconsulting"},"image":{"@id":"https:\/\/priorconsulting.pl\/#\/schema\/logo\/image\/"},"sameAs":["https:\/\/www.facebook.com\/profile.php?id=100070094380174"]}]}},"_links":{"self":[{"href":"https:\/\/priorconsulting.pl\/index.php\/wp-json\/wp\/v2\/pages\/192","targetHints":{"allow":["GET"]}}],"collection":[{"href":"https:\/\/priorconsulting.pl\/index.php\/wp-json\/wp\/v2\/pages"}],"about":[{"href":"https:\/\/priorconsulting.pl\/index.php\/wp-json\/wp\/v2\/types\/page"}],"author":[{"embeddable":true,"href":"https:\/\/priorconsulting.pl\/index.php\/wp-json\/wp\/v2\/users\/1"}],"replies":[{"embeddable":true,"href":"https:\/\/priorconsulting.pl\/index.php\/wp-json\/wp\/v2\/comments?post=192"}],"version-history":[{"count":75,"href":"https:\/\/priorconsulting.pl\/index.php\/wp-json\/wp\/v2\/pages\/192\/revisions"}],"predecessor-version":[{"id":1761,"href":"https:\/\/priorconsulting.pl\/index.php\/wp-json\/wp\/v2\/pages\/192\/revisions\/1761"}],"wp:attachment":[{"href":"https:\/\/priorconsulting.pl\/index.php\/wp-json\/wp\/v2\/media?parent=192"}],"curies":[{"name":"wp","href":"https:\/\/api.w.org\/{rel}","templated":true}]}}