{"id":188,"date":"2021-05-12T21:03:08","date_gmt":"2021-05-12T19:03:08","guid":{"rendered":"http:\/\/priorconsulting.pl\/?page_id=188"},"modified":"2023-10-05T11:28:17","modified_gmt":"2023-10-05T09:28:17","slug":"analizy-finansowe","status":"publish","type":"page","link":"https:\/\/priorconsulting.pl\/index.php\/analizy-finansowe\/","title":{"rendered":"Analizy finansowe"},"content":{"rendered":"\t\t<div data-elementor-type=\"wp-page\" data-elementor-id=\"188\" class=\"elementor elementor-188\" data-elementor-post-type=\"page\">\n\t\t\t\t\t\t<section class=\"elementor-section elementor-top-section elementor-element elementor-element-181e19f elementor-section-height-min-height elementor-section-boxed elementor-section-height-default elementor-section-items-middle\" data-id=\"181e19f\" data-element_type=\"section\" data-settings=\"{&quot;background_background&quot;:&quot;classic&quot;,&quot;animation&quot;:&quot;none&quot;}\">\n\t\t\t\t\t\t\t<div class=\"elementor-background-overlay\"><\/div>\n\t\t\t\t\t\t\t<div class=\"elementor-container elementor-column-gap-default\">\n\t\t\t\t\t<div class=\"elementor-column elementor-col-100 elementor-top-column elementor-element elementor-element-283211b\" data-id=\"283211b\" data-element_type=\"column\">\n\t\t\t<div class=\"elementor-widget-wrap elementor-element-populated\">\n\t\t\t\t\t\t<div class=\"elementor-element elementor-element-61779aa elementor-headline--style-rotate elementor-widget elementor-widget-animated-headline\" data-id=\"61779aa\" data-element_type=\"widget\" data-settings=\"{&quot;headline_style&quot;:&quot;rotate&quot;,&quot;animation_type&quot;:&quot;slide&quot;,&quot;rotating_text&quot;:&quot;Opracowujemy &lt;br&gt;analizy finansowe pozwalaj\\u0105ce &lt;br&gt;oceni\\u0107 stan finans\\u00f3w firmy\\nWystawiamy &lt;br&gt;precyzyjn\\u0105 diagnoz\\u0119 sytuacji &lt;br&gt;finansowej przedsi\\u0119biorstwa\\nNasze opracowania &lt;br&gt;spe\\u0142niaj\\u0105 wymagania &lt;br&gt;wszelkich instytucji&quot;,&quot;rotate_iteration_delay&quot;:5000,&quot;loop&quot;:&quot;yes&quot;}\" data-widget_type=\"animated-headline.default\">\n\t\t\t\t<div class=\"elementor-widget-container\">\n\t\t\t\t\t\t\t<h1 class=\"elementor-headline elementor-headline-animation-type-slide\">\n\t\t\t\t\t<span class=\"elementor-headline-plain-text elementor-headline-text-wrapper\">Analizy finansowe<br><\/span>\n\t\t\t\t<span class=\"elementor-headline-dynamic-wrapper elementor-headline-text-wrapper\">\n\t\t\t\t\t<span class=\"elementor-headline-dynamic-text elementor-headline-text-active\">\n\t\t\t\tOpracowujemy&nbsp;<br>analizy&nbsp;finansowe&nbsp;pozwalaj\u0105ce&nbsp;<br>oceni\u0107&nbsp;stan&nbsp;finans\u00f3w&nbsp;firmy\t\t\t<\/span>\n\t\t\t\t\t<span class=\"elementor-headline-dynamic-text\">\n\t\t\t\tWystawiamy&nbsp;<br>precyzyjn\u0105&nbsp;diagnoz\u0119&nbsp;sytuacji&nbsp;<br>finansowej&nbsp;przedsi\u0119biorstwa\t\t\t<\/span>\n\t\t\t\t\t<span class=\"elementor-headline-dynamic-text\">\n\t\t\t\tNasze&nbsp;opracowania&nbsp;<br>spe\u0142niaj\u0105&nbsp;wymagania&nbsp;<br>wszelkich&nbsp;instytucji\t\t\t<\/span>\n\t\t\t\t\t\t<\/span>\n\t\t\t\t<\/h1>\n\t\t\t\t\t\t<\/div>\n\t\t\t\t<\/div>\n\t\t\t\t\t<\/div>\n\t\t<\/div>\n\t\t\t\t\t<\/div>\n\t\t<\/section>\n\t\t\t\t<section class=\"elementor-section elementor-top-section elementor-element elementor-element-665bb3d elementor-section-content-middle elementor-section-boxed elementor-section-height-default elementor-section-height-default\" data-id=\"665bb3d\" data-element_type=\"section\">\n\t\t\t\t\t\t<div class=\"elementor-container elementor-column-gap-no\">\n\t\t\t\t\t<div class=\"elementor-column elementor-col-50 elementor-top-column elementor-element elementor-element-05c7afc\" data-id=\"05c7afc\" data-element_type=\"column\">\n\t\t\t<div class=\"elementor-widget-wrap elementor-element-populated\">\n\t\t\t\t\t\t<div class=\"elementor-element elementor-element-0a7d34d elementor-widget-divider--view-line elementor-widget elementor-widget-divider\" data-id=\"0a7d34d\" data-element_type=\"widget\" data-widget_type=\"divider.default\">\n\t\t\t\t<div class=\"elementor-widget-container\">\n\t\t\t\t\t\t\t<div class=\"elementor-divider\">\n\t\t\t<span class=\"elementor-divider-separator\">\n\t\t\t\t\t\t<\/span>\n\t\t<\/div>\n\t\t\t\t\t\t<\/div>\n\t\t\t\t<\/div>\n\t\t\t\t\t<\/div>\n\t\t<\/div>\n\t\t\t\t<div class=\"elementor-column elementor-col-50 elementor-top-column elementor-element elementor-element-c5985f9\" data-id=\"c5985f9\" data-element_type=\"column\">\n\t\t\t<div class=\"elementor-widget-wrap elementor-element-populated\">\n\t\t\t\t\t\t<div class=\"elementor-element elementor-element-67aee9f elementor-widget elementor-widget-heading\" data-id=\"67aee9f\" data-element_type=\"widget\" data-widget_type=\"heading.default\">\n\t\t\t\t<div class=\"elementor-widget-container\">\n\t\t\t\t\t<h1 class=\"elementor-heading-title elementor-size-default\">Analizy finansowe<\/h1>\t\t\t\t<\/div>\n\t\t\t\t<\/div>\n\t\t\t\t<div class=\"elementor-element elementor-element-d7627c3 elementor-widget elementor-widget-heading\" data-id=\"d7627c3\" data-element_type=\"widget\" data-widget_type=\"heading.default\">\n\t\t\t\t<div class=\"elementor-widget-container\">\n\t\t\t\t\t<h5 class=\"elementor-heading-title elementor-size-default\">Oferta<\/h5>\t\t\t\t<\/div>\n\t\t\t\t<\/div>\n\t\t\t\t<div class=\"elementor-element elementor-element-695d76b elementor-widget elementor-widget-text-editor\" data-id=\"695d76b\" data-element_type=\"widget\" data-widget_type=\"text-editor.default\">\n\t\t\t\t<div class=\"elementor-widget-container\">\n\t\t\t\t\t\t\t\t\t<p class=\"Textbody\">Analiza finansowa przedsi\u0119biorstwa to narz\u0119dzie pozwalaj\u0105ce oceni\u0107 kondycj\u0119 finansow\u0105 podmiotu gospodarczego oraz jego szans\u0119 na dalszy rozw\u00f3j w przysz\u0142o\u015bci. Jest ona wymagan\u0105 cz\u0119\u015bci\u0105 wi\u0119kszo\u015bci biznes plan\u00f3w oraz studi\u00f3w wykonalno\u015bci inwestycji. Ponadto, w dzisiejszych czasach analizy finansowe s\u0105 skutecznym narz\u0119dziem, wspieraj\u0105cym w podejmowaniu decyzji mened\u017cerskich.<\/p>\t\t\t\t\t\t\t\t<\/div>\n\t\t\t\t<\/div>\n\t\t\t\t\t<\/div>\n\t\t<\/div>\n\t\t\t\t\t<\/div>\n\t\t<\/section>\n\t\t\t\t<section class=\"elementor-section elementor-top-section elementor-element elementor-element-f424c60 elementor-section-content-middle elementor-section-boxed elementor-section-height-default elementor-section-height-default\" data-id=\"f424c60\" data-element_type=\"section\" data-settings=\"{&quot;background_background&quot;:&quot;classic&quot;}\">\n\t\t\t\t\t\t<div class=\"elementor-container elementor-column-gap-no\">\n\t\t\t\t\t<div class=\"elementor-column elementor-col-50 elementor-top-column elementor-element elementor-element-be621a6\" data-id=\"be621a6\" data-element_type=\"column\">\n\t\t\t<div class=\"elementor-widget-wrap elementor-element-populated\">\n\t\t\t\t\t\t<div class=\"elementor-element elementor-element-634f505 elementor-widget elementor-widget-heading\" data-id=\"634f505\" data-element_type=\"widget\" data-widget_type=\"heading.default\">\n\t\t\t\t<div class=\"elementor-widget-container\">\n\t\t\t\t\t<h2 class=\"elementor-heading-title elementor-size-default\">Analizy finansowe<\/h2>\t\t\t\t<\/div>\n\t\t\t\t<\/div>\n\t\t\t\t<div class=\"elementor-element elementor-element-80ec8cb elementor-widget elementor-widget-heading\" data-id=\"80ec8cb\" data-element_type=\"widget\" data-widget_type=\"heading.default\">\n\t\t\t\t<div class=\"elementor-widget-container\">\n\t\t\t\t\t<h4 class=\"elementor-heading-title elementor-size-default\">Nasza oferta:<\/h4>\t\t\t\t<\/div>\n\t\t\t\t<\/div>\n\t\t\t\t<div class=\"elementor-element elementor-element-303cfba elementor-widget elementor-widget-text-editor\" data-id=\"303cfba\" data-element_type=\"widget\" data-widget_type=\"text-editor.default\">\n\t\t\t\t<div class=\"elementor-widget-container\">\n\t\t\t\t\t\t\t\t\t<p>W ramach oferty analiz finansowych przygotowujemy:<\/p><ul><li>analizy finansowe przedsi\u0119biorstw,<\/li><li>analizy finansowe firm z por\u00f3wnaniem do wynik\u00f3w wybranych przedsi\u0119biorstw konkurencyjnych<\/li><\/ul><p>\u00a0<\/p><p>Przygotowujemy analizy finansowe mi\u0119dzy innymi na potrzeby:<\/p><ul><li>biznes plan\u00f3w,<\/li><li>dotacji,<\/li><li>inwestycji,<\/li><li>w\u0142asne Klient\u00f3w<br \/><br \/><\/li><\/ul><p>Oferujemy mo\u017cliwo\u015b\u0107 przygotowania profesjonalnej analizy finansowej firm, zar\u00f3wno b\u0119d\u0105cej niezb\u0119dn\u0105 cz\u0119\u015bci\u0105 biznes plan\u00f3w, jak i studi\u00f3w wykonalno\u015bci inwestycji, a tak\u017ce w formie odr\u0119bnej analizy na potrzeby w\u0142asne naszego Klienta. Ka\u017cdorazowo zakres analizy finansowej przedsi\u0119biorstwa dostosowujemy do indywidualnych wymaga\u0144 Klienta lub przyjmujemy form\u0119 standardow\u0105, w przypadku braku zdefiniowanych przez Zleceniodawc\u0119 preferencji.<\/p><p>Analizy finansowe przygotowywane przez nasz\u0105 firm\u0119 stanowi\u0105 rzetelne odzwierciedlenie rzeczywisto\u015bci gospodarczej badanego przedsi\u0119biorstwa i spe\u0142niaj\u0105 wymagania instytucji, do kt\u00f3rych s\u0105 kierowane. Ofert\u0119 dotycz\u0105c\u0105 analiz finansowych kierujemy zar\u00f3wno do przedsi\u0119biorstw i samorz\u0105d\u00f3w, jak i do firm doradczych potrzebuj\u0105cych merytorycznego wsparcia w tym temacie.<\/p><p>\u00a0<\/p>\t\t\t\t\t\t\t\t<\/div>\n\t\t\t\t<\/div>\n\t\t\t\t\t<\/div>\n\t\t<\/div>\n\t\t\t\t<div class=\"elementor-column elementor-col-50 elementor-top-column elementor-element elementor-element-fba5109\" data-id=\"fba5109\" data-element_type=\"column\">\n\t\t\t<div class=\"elementor-widget-wrap elementor-element-populated\">\n\t\t\t\t\t\t<div class=\"elementor-element elementor-element-74d2b57 elementor-widget-divider--view-line elementor-widget elementor-widget-divider\" data-id=\"74d2b57\" data-element_type=\"widget\" data-widget_type=\"divider.default\">\n\t\t\t\t<div class=\"elementor-widget-container\">\n\t\t\t\t\t\t\t<div class=\"elementor-divider\">\n\t\t\t<span class=\"elementor-divider-separator\">\n\t\t\t\t\t\t<\/span>\n\t\t<\/div>\n\t\t\t\t\t\t<\/div>\n\t\t\t\t<\/div>\n\t\t\t\t\t<\/div>\n\t\t<\/div>\n\t\t\t\t\t<\/div>\n\t\t<\/section>\n\t\t\t\t<\/div>\n\t\t","protected":false},"excerpt":{"rendered":"<p>Analizy finansowe Opracowujemy&nbsp;analizy&nbsp;finansowe&nbsp;pozwalaj\u0105ce&nbsp;oceni\u0107&nbsp;stan&nbsp;finans\u00f3w&nbsp;firmy Wystawiamy&nbsp;precyzyjn\u0105&nbsp;diagnoz\u0119&nbsp;sytuacji&nbsp;finansowej&nbsp;przedsi\u0119biorstwa Nasze&nbsp;opracowania&nbsp;spe\u0142niaj\u0105&nbsp;wymagania&nbsp;wszelkich&nbsp;instytucji Analizy finansowe Oferta Analiza finansowa przedsi\u0119biorstwa to narz\u0119dzie pozwalaj\u0105ce oceni\u0107 kondycj\u0119 finansow\u0105 podmiotu gospodarczego oraz jego szans\u0119 na dalszy rozw\u00f3j w przysz\u0142o\u015bci. Jest ona wymagan\u0105 cz\u0119\u015bci\u0105 wi\u0119kszo\u015bci biznes plan\u00f3w oraz studi\u00f3w wykonalno\u015bci inwestycji. Ponadto, w dzisiejszych czasach analizy finansowe s\u0105 skutecznym narz\u0119dziem, wspieraj\u0105cym w podejmowaniu decyzji mened\u017cerskich. Analizy finansowe Nasza [&hellip;]<\/p>\n","protected":false},"author":1,"featured_media":0,"parent":0,"menu_order":0,"comment_status":"closed","ping_status":"closed","template":"","meta":{"inline_featured_image":false,"footnotes":""},"class_list":["post-188","page","type-page","status-publish","hentry"],"yoast_head":"<!-- This site is optimized with the Yoast SEO plugin v25.9 - https:\/\/yoast.com\/wordpress\/plugins\/seo\/ -->\n<title>Analizy finansowe - priorconsulting<\/title>\n<meta name=\"description\" content=\"Przygotowujemy analizy finansowe mi\u0119dzy innymi na potrzeby biznes plan\u00f3w, dotacji, oraz inwestycji. Oferujemy mo\u017cliwo\u015b\u0107 przygotowania profesjonalnej analizy finansowej firm, zar\u00f3wno b\u0119d\u0105cej niezb\u0119dn\u0105 cz\u0119\u015bci\u0105 biznes plan\u00f3w, jak i studi\u00f3w wykonalno\u015bci inwestycji, a tak\u017ce w formie odr\u0119bnej analizy na potrzeby w\u0142asne naszego Klienta.\" \/>\n<meta name=\"robots\" content=\"index, follow, max-snippet:-1, max-image-preview:large, max-video-preview:-1\" \/>\n<link rel=\"canonical\" href=\"https:\/\/priorconsulting.pl\/index.php\/analizy-finansowe\/\" \/>\n<meta property=\"og:locale\" content=\"pl_PL\" \/>\n<meta property=\"og:type\" content=\"article\" \/>\n<meta property=\"og:title\" content=\"Analizy finansowe - priorconsulting\" \/>\n<meta property=\"og:description\" content=\"Przygotowujemy analizy finansowe mi\u0119dzy innymi na potrzeby biznes plan\u00f3w, dotacji, oraz inwestycji. Oferujemy mo\u017cliwo\u015b\u0107 przygotowania profesjonalnej analizy finansowej firm, zar\u00f3wno b\u0119d\u0105cej niezb\u0119dn\u0105 cz\u0119\u015bci\u0105 biznes plan\u00f3w, jak i studi\u00f3w wykonalno\u015bci inwestycji, a tak\u017ce w formie odr\u0119bnej analizy na potrzeby w\u0142asne naszego Klienta.\" \/>\n<meta property=\"og:url\" content=\"https:\/\/priorconsulting.pl\/index.php\/analizy-finansowe\/\" \/>\n<meta property=\"og:site_name\" content=\"priorconsulting\" \/>\n<meta property=\"article:publisher\" content=\"https:\/\/www.facebook.com\/profile.php?id=100070094380174\" \/>\n<meta property=\"article:modified_time\" content=\"2023-10-05T09:28:17+00:00\" \/>\n<meta property=\"og:image\" content=\"https:\/\/priorconsulting.pl\/wp-content\/uploads\/2021\/07\/prior_logo_kolor_pion.png\" \/>\n\t<meta property=\"og:image:width\" content=\"1160\" \/>\n\t<meta property=\"og:image:height\" content=\"548\" \/>\n\t<meta property=\"og:image:type\" content=\"image\/png\" \/>\n<meta name=\"twitter:card\" content=\"summary_large_image\" \/>\n<meta name=\"twitter:label1\" content=\"Szacowany czas czytania\" \/>\n\t<meta name=\"twitter:data1\" content=\"2 minuty\" \/>\n<script type=\"application\/ld+json\" class=\"yoast-schema-graph\">{\"@context\":\"https:\/\/schema.org\",\"@graph\":[{\"@type\":\"WebPage\",\"@id\":\"https:\/\/priorconsulting.pl\/index.php\/analizy-finansowe\/\",\"url\":\"https:\/\/priorconsulting.pl\/index.php\/analizy-finansowe\/\",\"name\":\"Analizy finansowe - priorconsulting\",\"isPartOf\":{\"@id\":\"https:\/\/priorconsulting.pl\/#website\"},\"datePublished\":\"2021-05-12T19:03:08+00:00\",\"dateModified\":\"2023-10-05T09:28:17+00:00\",\"description\":\"Przygotowujemy analizy finansowe mi\u0119dzy innymi na potrzeby biznes plan\u00f3w, dotacji, oraz inwestycji. Oferujemy mo\u017cliwo\u015b\u0107 przygotowania profesjonalnej analizy finansowej firm, zar\u00f3wno b\u0119d\u0105cej niezb\u0119dn\u0105 cz\u0119\u015bci\u0105 biznes plan\u00f3w, jak i studi\u00f3w wykonalno\u015bci inwestycji, a tak\u017ce w formie odr\u0119bnej analizy na potrzeby w\u0142asne naszego Klienta.\",\"breadcrumb\":{\"@id\":\"https:\/\/priorconsulting.pl\/index.php\/analizy-finansowe\/#breadcrumb\"},\"inLanguage\":\"pl-PL\",\"potentialAction\":[{\"@type\":\"ReadAction\",\"target\":[\"https:\/\/priorconsulting.pl\/index.php\/analizy-finansowe\/\"]}]},{\"@type\":\"BreadcrumbList\",\"@id\":\"https:\/\/priorconsulting.pl\/index.php\/analizy-finansowe\/#breadcrumb\",\"itemListElement\":[{\"@type\":\"ListItem\",\"position\":1,\"name\":\"Strona g\u0142\u00f3wna\",\"item\":\"https:\/\/priorconsulting.pl\/\"},{\"@type\":\"ListItem\",\"position\":2,\"name\":\"Analizy finansowe\"}]},{\"@type\":\"WebSite\",\"@id\":\"https:\/\/priorconsulting.pl\/#website\",\"url\":\"https:\/\/priorconsulting.pl\/\",\"name\":\"priorconsulting\",\"description\":\"Dotacje, strategie, analizy\",\"publisher\":{\"@id\":\"https:\/\/priorconsulting.pl\/#organization\"},\"alternateName\":\"PriorConsulting dotacje, fundusze unijne Koszalin\",\"potentialAction\":[{\"@type\":\"SearchAction\",\"target\":{\"@type\":\"EntryPoint\",\"urlTemplate\":\"https:\/\/priorconsulting.pl\/?s={search_term_string}\"},\"query-input\":{\"@type\":\"PropertyValueSpecification\",\"valueRequired\":true,\"valueName\":\"search_term_string\"}}],\"inLanguage\":\"pl-PL\"},{\"@type\":\"Organization\",\"@id\":\"https:\/\/priorconsulting.pl\/#organization\",\"name\":\"priorconsulting\",\"url\":\"https:\/\/priorconsulting.pl\/\",\"logo\":{\"@type\":\"ImageObject\",\"inLanguage\":\"pl-PL\",\"@id\":\"https:\/\/priorconsulting.pl\/#\/schema\/logo\/image\/\",\"url\":\"https:\/\/priorconsulting.pl\/wp-content\/uploads\/2021\/05\/logo-proba-2.png\",\"contentUrl\":\"https:\/\/priorconsulting.pl\/wp-content\/uploads\/2021\/05\/logo-proba-2.png\",\"width\":445,\"height\":195,\"caption\":\"priorconsulting\"},\"image\":{\"@id\":\"https:\/\/priorconsulting.pl\/#\/schema\/logo\/image\/\"},\"sameAs\":[\"https:\/\/www.facebook.com\/profile.php?id=100070094380174\"]}]}<\/script>\n<!-- \/ Yoast SEO plugin. -->","yoast_head_json":{"title":"Analizy finansowe - priorconsulting","description":"Przygotowujemy analizy finansowe mi\u0119dzy innymi na potrzeby biznes plan\u00f3w, dotacji, oraz inwestycji. Oferujemy mo\u017cliwo\u015b\u0107 przygotowania profesjonalnej analizy finansowej firm, zar\u00f3wno b\u0119d\u0105cej niezb\u0119dn\u0105 cz\u0119\u015bci\u0105 biznes plan\u00f3w, jak i studi\u00f3w wykonalno\u015bci inwestycji, a tak\u017ce w formie odr\u0119bnej analizy na potrzeby w\u0142asne naszego Klienta.","robots":{"index":"index","follow":"follow","max-snippet":"max-snippet:-1","max-image-preview":"max-image-preview:large","max-video-preview":"max-video-preview:-1"},"canonical":"https:\/\/priorconsulting.pl\/index.php\/analizy-finansowe\/","og_locale":"pl_PL","og_type":"article","og_title":"Analizy finansowe - priorconsulting","og_description":"Przygotowujemy analizy finansowe mi\u0119dzy innymi na potrzeby biznes plan\u00f3w, dotacji, oraz inwestycji. Oferujemy mo\u017cliwo\u015b\u0107 przygotowania profesjonalnej analizy finansowej firm, zar\u00f3wno b\u0119d\u0105cej niezb\u0119dn\u0105 cz\u0119\u015bci\u0105 biznes plan\u00f3w, jak i studi\u00f3w wykonalno\u015bci inwestycji, a tak\u017ce w formie odr\u0119bnej analizy na potrzeby w\u0142asne naszego Klienta.","og_url":"https:\/\/priorconsulting.pl\/index.php\/analizy-finansowe\/","og_site_name":"priorconsulting","article_publisher":"https:\/\/www.facebook.com\/profile.php?id=100070094380174","article_modified_time":"2023-10-05T09:28:17+00:00","og_image":[{"width":1160,"height":548,"url":"https:\/\/priorconsulting.pl\/wp-content\/uploads\/2021\/07\/prior_logo_kolor_pion.png","type":"image\/png"}],"twitter_card":"summary_large_image","twitter_misc":{"Szacowany czas czytania":"2 minuty"},"schema":{"@context":"https:\/\/schema.org","@graph":[{"@type":"WebPage","@id":"https:\/\/priorconsulting.pl\/index.php\/analizy-finansowe\/","url":"https:\/\/priorconsulting.pl\/index.php\/analizy-finansowe\/","name":"Analizy finansowe - priorconsulting","isPartOf":{"@id":"https:\/\/priorconsulting.pl\/#website"},"datePublished":"2021-05-12T19:03:08+00:00","dateModified":"2023-10-05T09:28:17+00:00","description":"Przygotowujemy analizy finansowe mi\u0119dzy innymi na potrzeby biznes plan\u00f3w, dotacji, oraz inwestycji. Oferujemy mo\u017cliwo\u015b\u0107 przygotowania profesjonalnej analizy finansowej firm, zar\u00f3wno b\u0119d\u0105cej niezb\u0119dn\u0105 cz\u0119\u015bci\u0105 biznes plan\u00f3w, jak i studi\u00f3w wykonalno\u015bci inwestycji, a tak\u017ce w formie odr\u0119bnej analizy na potrzeby w\u0142asne naszego Klienta.","breadcrumb":{"@id":"https:\/\/priorconsulting.pl\/index.php\/analizy-finansowe\/#breadcrumb"},"inLanguage":"pl-PL","potentialAction":[{"@type":"ReadAction","target":["https:\/\/priorconsulting.pl\/index.php\/analizy-finansowe\/"]}]},{"@type":"BreadcrumbList","@id":"https:\/\/priorconsulting.pl\/index.php\/analizy-finansowe\/#breadcrumb","itemListElement":[{"@type":"ListItem","position":1,"name":"Strona g\u0142\u00f3wna","item":"https:\/\/priorconsulting.pl\/"},{"@type":"ListItem","position":2,"name":"Analizy finansowe"}]},{"@type":"WebSite","@id":"https:\/\/priorconsulting.pl\/#website","url":"https:\/\/priorconsulting.pl\/","name":"priorconsulting","description":"Dotacje, strategie, analizy","publisher":{"@id":"https:\/\/priorconsulting.pl\/#organization"},"alternateName":"PriorConsulting dotacje, fundusze unijne Koszalin","potentialAction":[{"@type":"SearchAction","target":{"@type":"EntryPoint","urlTemplate":"https:\/\/priorconsulting.pl\/?s={search_term_string}"},"query-input":{"@type":"PropertyValueSpecification","valueRequired":true,"valueName":"search_term_string"}}],"inLanguage":"pl-PL"},{"@type":"Organization","@id":"https:\/\/priorconsulting.pl\/#organization","name":"priorconsulting","url":"https:\/\/priorconsulting.pl\/","logo":{"@type":"ImageObject","inLanguage":"pl-PL","@id":"https:\/\/priorconsulting.pl\/#\/schema\/logo\/image\/","url":"https:\/\/priorconsulting.pl\/wp-content\/uploads\/2021\/05\/logo-proba-2.png","contentUrl":"https:\/\/priorconsulting.pl\/wp-content\/uploads\/2021\/05\/logo-proba-2.png","width":445,"height":195,"caption":"priorconsulting"},"image":{"@id":"https:\/\/priorconsulting.pl\/#\/schema\/logo\/image\/"},"sameAs":["https:\/\/www.facebook.com\/profile.php?id=100070094380174"]}]}},"_links":{"self":[{"href":"https:\/\/priorconsulting.pl\/index.php\/wp-json\/wp\/v2\/pages\/188","targetHints":{"allow":["GET"]}}],"collection":[{"href":"https:\/\/priorconsulting.pl\/index.php\/wp-json\/wp\/v2\/pages"}],"about":[{"href":"https:\/\/priorconsulting.pl\/index.php\/wp-json\/wp\/v2\/types\/page"}],"author":[{"embeddable":true,"href":"https:\/\/priorconsulting.pl\/index.php\/wp-json\/wp\/v2\/users\/1"}],"replies":[{"embeddable":true,"href":"https:\/\/priorconsulting.pl\/index.php\/wp-json\/wp\/v2\/comments?post=188"}],"version-history":[{"count":123,"href":"https:\/\/priorconsulting.pl\/index.php\/wp-json\/wp\/v2\/pages\/188\/revisions"}],"predecessor-version":[{"id":1759,"href":"https:\/\/priorconsulting.pl\/index.php\/wp-json\/wp\/v2\/pages\/188\/revisions\/1759"}],"wp:attachment":[{"href":"https:\/\/priorconsulting.pl\/index.php\/wp-json\/wp\/v2\/media?parent=188"}],"curies":[{"name":"wp","href":"https:\/\/api.w.org\/{rel}","templated":true}]}}